{"id":192,"date":"2018-09-03T17:09:34","date_gmt":"2018-09-03T20:09:34","guid":{"rendered":"http:\/\/www.febab.org\/cbbu2\/?page_id=192"},"modified":"2018-09-13T17:31:32","modified_gmt":"2018-09-13T20:31:32","slug":"repositorio-febab","status":"publish","type":"page","link":"https:\/\/www.febab.org\/cbbu\/repositorio-febab\/","title":{"rendered":"Reposit\u00f3rio FEBAB"},"content":{"rendered":"<p>Em constru\u00e7\u00e3o<\/p>\n","protected":false},"excerpt":{"rendered":"<p>Em constru\u00e7\u00e3o<\/p>\n","protected":false},"author":2,"featured_media":0,"parent":0,"menu_order":0,"comment_status":"closed","ping_status":"closed","template":"","meta":{"footnotes":""},"class_list":["post-192","page","type-page","status-publish","hentry"],"_links":{"self":[{"href":"https:\/\/www.febab.org\/cbbu\/wp-json\/wp\/v2\/pages\/192","targetHints":{"allow":["GET"]}}],"collection":[{"href":"https:\/\/www.febab.org\/cbbu\/wp-json\/wp\/v2\/pages"}],"about":[{"href":"https:\/\/www.febab.org\/cbbu\/wp-json\/wp\/v2\/types\/page"}],"author":[{"embeddable":true,"href":"https:\/\/www.febab.org\/cbbu\/wp-json\/wp\/v2\/users\/2"}],"replies":[{"embeddable":true,"href":"https:\/\/www.febab.org\/cbbu\/wp-json\/wp\/v2\/comments?post=192"}],"version-history":[{"count":3,"href":"https:\/\/www.febab.org\/cbbu\/wp-json\/wp\/v2\/pages\/192\/revisions"}],"predecessor-version":[{"id":382,"href":"https:\/\/www.febab.org\/cbbu\/wp-json\/wp\/v2\/pages\/192\/revisions\/382"}],"wp:attachment":[{"href":"https:\/\/www.febab.org\/cbbu\/wp-json\/wp\/v2\/media?parent=192"}],"curies":[{"name":"wp","href":"https:\/\/api.w.org\/{rel}","templated":true}]}}