{"id":2,"date":"2018-08-21T14:50:21","date_gmt":"2018-08-21T14:50:21","guid":{"rendered":"http:\/\/febab1.hospedagemdesites.ws\/cbbu2\/?page_id=2"},"modified":"2025-04-22T20:11:40","modified_gmt":"2025-04-22T23:11:40","slug":"sobre-a-cbbu","status":"publish","type":"page","link":"https:\/\/www.febab.org\/cbbu\/sobre-a-cbbu\/","title":{"rendered":"Sobre a CBBU"},"content":{"rendered":"<div class=\"bgColoroverlay\" data-background-image=\"\">\n<h1 style=\"text-align: center;\"><strong>HIST\u00d3RIA DA CBBU<\/strong><\/h1>\n<p>A Comiss\u00e3o Brasileira de Bibliotecas Universit\u00e1rias (CBBU), foi criada a partir de recomenda\u00e7\u00e3o efetuada em 15 de janeiro de 1987, durante a realiza\u00e7\u00e3o do V Semin\u00e1rio Nacional de Bibliotecas Universit\u00e1rias, em Porto Alegre. De acordo com o artigo 35 do Estatuto da Federa\u00e7\u00e3o Brasileira de Associa\u00e7\u00f5es de Bibliotec\u00e1rios, Cientistas da Informa\u00e7\u00e3o e Institui\u00e7\u00f5es (FEBAB) \u00e9 um \u00f3rg\u00e3o assessor de sua Diretoria Executiva e tem como finalidade promover o desenvolvimento das bibliotecas universit\u00e1rias brasileiras.<\/p>\n<h1><\/h1>\n<h1 style=\"text-align: center;\"><strong>MISS\u00c3O<\/strong><\/h1>\n<p>Promover a formula\u00e7\u00e3o de pol\u00edticas p\u00fablicas em \u00e1reas de interesse, para incentivar a coopera\u00e7\u00e3o, o compartilhamento de servi\u00e7os<span class=\"m_7251578430605422034m_6366737466802406792gmail-text_exposed_show\"> e produtos, a realiza\u00e7\u00e3o de projetos e pesquisas, a elabora\u00e7\u00e3o e editora\u00e7\u00e3o de documentos t\u00e9cnico-cient\u00edficos, a organiza\u00e7\u00e3o de eventos, visando \u00e0 consolida\u00e7\u00e3o da educa\u00e7\u00e3o continuada e \u00e0 representa\u00e7\u00e3o das Bibliotecas Universit\u00e1rias junto a \u00f3rg\u00e3os governamentais e a comunidade cient\u00edfica brasileira.<\/span><\/p>\n<\/div>\n<div class=\"bgColoroverlay\" data-background-image=\"\">\n<h1 style=\"text-align: center;\"><strong>LINHA DO TEMPO\u00a0<\/strong><\/h1>\n<\/div>\n<div id=\"comp-jenhmza5\" class=\"wp2\" title=\"\" data-exact-height=\"484\" data-content-padding-horizontal=\"0\" data-content-padding-vertical=\"0\">\n<div id=\"comp-jenhmza5link\" class=\"wp2link\">\n<div id=\"comp-jenhmza5img\" class=\"wp2img\" data-style=\"\"><img decoding=\"async\" id=\"comp-jenhmza5imgimage\" src=\"https:\/\/static.wixstatic.com\/media\/ae21af_627b35a55b9044cda4835e9c75858fe2~mv2.jpg\/v1\/fill\/w_952,h_484,al_c,q_85,usm_0.66_1.00_0.01\/ae21af_627b35a55b9044cda4835e9c75858fe2~mv2.webp\" alt=\"\" data-type=\"image\" \/><\/div>\n<div data-style=\"\"><\/div>\n<\/div>\n<\/div>\n<div id=\"comp-jenhmza5\" class=\"wp2\" title=\"\" data-exact-height=\"484\" data-content-padding-horizontal=\"0\" data-content-padding-vertical=\"0\">\n<div id=\"comp-jenhmza5link\" class=\"wp2link\">\n<div data-style=\"\">\n<div id=\"comp-j8nek3l4\" class=\"style-j8nek3l8\" title=\"\" data-exact-height=\"217\" data-content-padding-horizontal=\"0\" data-content-padding-vertical=\"0\">\n<div id=\"comp-j8nek3l4link\" class=\"style-j8nek3l8link\">\n<div data-style=\"\">\n<div id=\"comp-jek8rhta\" class=\"txtNew\" data-packed=\"true\">\n<h1 class=\"font_2\" style=\"text-align: center;\"><strong>GESTORES DA CBBU<\/strong><\/h1>\n<\/div>\n<div id=\"comp-jek8rhut\" class=\"txtNew\" data-packed=\"false\" data-min-height=\"137\">\n<p><strong><em>Gest\u00e3o pro tempore 2022-<\/em><\/strong><\/p>\n<p>Adriana Cybele Ferrari &#8211; USP<\/p>\n<p>Adriano Lopes &#8211; UTFPR<\/p>\n<p>Felipe Ferreira da Silva &#8211; UFC<\/p>\n<p>Leila Cristina Rodrigues de Andrade &#8211; UERJ<\/p>\n<p>Maira Nani Fran\u00e7a Moura Goulart &#8211; UFU<\/p>\n<p>Raquel da Silva Santos &#8211; UFSB<\/p>\n<p>Sigrid Karin Weiss &#8211; UFSC<\/p>\n<p class=\"font_8\"><strong><em>Gest\u00e3o 2018-2022<\/em><\/strong><\/p>\n<p class=\"font_8\">Presidente: Leonilha Maria Brasileiro Lessa\u2013 UNIFOR<\/p>\n<p class=\"font_8\"><span class=\"wixGuard\">\u200b<\/span>Vice-presidente: Maria do Carmo Cardoso Kernsnosky &#8211; UFABC<\/p>\n<p class=\"font_8\">Diretora de Planejamento e Marketing: Sigrid Karin Weiss &#8211; UFSC<\/p>\n<p class=\"font_8\"><span class=\"wixGuard\">\u200b<\/span>Secret\u00e1ria: Mirian Cristina de Lima -UNIFOR<\/p>\n<div id=\"comp-jeka2ckm\" class=\"txtNew\" data-packed=\"true\">\n<p><strong><em>Gest\u00e3o 2016-2018<\/em><\/strong><\/p>\n<\/div>\n<p class=\"m_3451825133091450713gmail-MsoNormalCxSpFirst\">Presidente: Wellington Mar\u00e7al de Carvalho \u2013 UFMG<\/p>\n<p class=\"m_3451825133091450713gmail-MsoNormalCxSpMiddle\">Vice-Presidente: C\u00e9lia Regina Simonetti Barbalho &#8211; UFAM<\/p>\n<p class=\"m_3451825133091450713gmail-MsoNormalCxSpMiddle\">Diretor de Planejamento e Marketing: Elton Bentes Neves \u2013 UFRR<\/p>\n<p class=\"m_3451825133091450713gmail-MsoNormalCxSpMiddle\">Diretora de Finan\u00e7as: Sindier Ant\u00f4nia Alves \u2013 UFMG<\/p>\n<p class=\"m_3451825133091450713gmail-MsoNormalCxSpMiddle\">Secret\u00e1ria: An\u00e1lia das Gra\u00e7as Gandini Pontelo \u2013 UFMG<\/p>\n<p class=\"font_7\"><strong><em>Gest\u00e3o 2014-2016<\/em><\/strong><\/p>\n<p class=\"font_7\">Presidente:\u00a0Viviane Carrion Castanho<\/p>\n<p class=\"font_7\">Vice Presidente: Paula Maria Abrantes Cotta de Mello<\/p>\n<p class=\"font_7\">Diretor\u00a0Financeira: M\u00e1rcia Val\u00e9ria da Silva Brito Costa<\/p>\n<p class=\"font_7\">Diretor\u00a0de Planejamento e Marketing: C\u00e9lia Regina Simonetti Barbalho<\/p>\n<p class=\"font_7\">Secret\u00e1rio Geral:\u00a0Kelma Patricia de Souza<\/p>\n<p><em><strong>Gest\u00e3o 2012-2014<\/strong><\/em><\/p>\n<p class=\"font_8\"><span class=\"color_25\">Presidente: Luiz At\u00edlio <\/span>Vicentini<\/p>\n<p class=\"font_8\"><span class=\"color_25\">Vice\u00a0Presidente: Val\u00e9ria Maria Soledade de Almeida<\/span><\/p>\n<p class=\"font_8\"><span class=\"color_25\">Diretor Financeiro: Viviane Carrion Castanho<\/span><\/p>\n<p class=\"font_8\"><span class=\"color_25\">Diretora de Planejamento e Marketing: Narcisa de F\u00e1tima\u00a0<\/span>Ambori<\/p>\n<p class=\"font_8\"><span class=\"color_25\">Secret\u00e1rio Gera<\/span><span class=\"color_25\">l: Rosa Maria Vivona Bertolini Oliveira<\/span><\/p>\n<div id=\"comp-jek9xg8r\" class=\"txtNew\" data-packed=\"true\">\n<p class=\"font_7\"><em><strong>Gest\u00e3o 2010-2012<\/strong><\/em><\/p>\n<p class=\"font_8\"><span class=\"color_25\">Presidente: Luiz At\u00edlio <\/span>Vicentini<\/p>\n<p class=\"font_8\"><span class=\"color_25\">Vice\u00a0Presidente: Val\u00e9ria Maria Soledade de Almeida<\/span><\/p>\n<p class=\"font_8\"><span class=\"color_25\">Diretor Financeiro: Viviane Carrion Castanho<\/span><\/p>\n<p class=\"font_8\"><span class=\"color_25\">Diretora de Planejamento e Marketing: Narcisa de F\u00e1tima\u00a0<\/span>Ambori<\/p>\n<p class=\"font_8\"><span class=\"color_25\">Secret\u00e1rio Gera<\/span><span class=\"color_25\">l: Rosa Maria Vivona Bertolini Oliveira<\/span><\/p>\n<\/div>\n<p class=\"font_7\"><em><strong>Gest\u00e3o 2008-2010<\/strong><\/em><\/p>\n<p class=\"font_7\">Presidente: Paula Maria Abrantes Cotta de Mello<\/p>\n<p class=\"font_7\">Vice Presidente: M\u00e1rcia Val\u00e9ria da Silva Brito Costa<\/p>\n<p class=\"font_7\">Diretor\u00a0Financeira: Rosane Wending da Silva Appaicto<\/p>\n<p class=\"font_7\">Diretor\u00a0de Planejamento e Marketing: Eneida de Oliveira<\/p>\n<p class=\"font_7\">Secret\u00e1rio Geral:\u00a0Elaine Baptista de Matos Paula<\/p>\n<p class=\"font_7\"><em><strong>Gest\u00e3o 2006-2008<\/strong><\/em><\/p>\n<p class=\"font_8\"><span class=\"color_25\">Presidente: Sigrid Karin Weiss <\/span><\/p>\n<p class=\"font_8\"><span class=\"color_25\">Vice\u00a0Presidente: Lucia Marengo\u00a0<\/span><\/p>\n<p class=\"font_8\"><span class=\"color_25\">Diretor Financeiro: Daurecy Camilo\u00a0<\/span><\/p>\n<p class=\"font_8\"><span class=\"color_25\">Diretor\u00a0de Planejamento e Marketing: Narcisa de F\u00e1tima Amboni<\/span><\/p>\n<p class=\"font_8\"><span class=\"color_25\">Secret\u00e1rio Geral: Elson Mattos<\/span><\/p>\n<\/div>\n<div id=\"comp-jek9r8af\" class=\"txtNew\" data-packed=\"true\">\n<p class=\"font_7\"><em><strong>Gest\u00e3o 2004-2006<\/strong><\/em><\/p>\n<p class=\"font_8\"><span class=\"color_25\">Presidente: Sigrid Karin Weiss <\/span><\/p>\n<p class=\"font_8\"><span class=\"color_25\">Vice\u00a0Presidente: Lucia Marengo\u00a0<\/span><\/p>\n<p class=\"font_8\"><span class=\"color_25\">Diretor Financeiro: Daurecy Camilo\u00a0<\/span><\/p>\n<p class=\"font_8\"><span class=\"color_25\">Diretor\u00a0de Planejamento e Marketing: Narcisa de F\u00e1tima Amboni<\/span><\/p>\n<p class=\"font_8\"><span class=\"color_25\">Secret\u00e1rio Geral: Elson Mattos<\/span><\/p>\n<p><em><strong>Gest\u00e3o 1987-1989<\/strong><\/em><\/p>\n<p>Presidente: Dinah Aguiar Poblaci\u00f3n &#8211; ECA\/USP e PUCCAMP<\/p>\n<p><span style=\"color: #000000;\">1\u00ba\u00a0\u00a0<\/span>Secret\u00e1rio: Vilma Brandt &#8211; CEDIC\/PUC-SP<\/p>\n<p>2\u00ba\u00a0\u00a0Secret\u00e1rio: Jos\u00e9 Tavares da Silva &#8211; Fac. Letras\/UFRJ<\/p>\n<p>Tesoureiro: Daisy Pires Noronha &#8211; FSP\/USP<\/p>\n<p>Assessora: Maria Matilde Kronka Dias &#8211; USP<\/p>\n<\/div>\n<\/div>\n<\/div>\n<\/div>\n<\/div>\n<\/div>\n<\/div>\n","protected":false},"excerpt":{"rendered":"<p>HIST\u00d3RIA DA CBBU A Comiss\u00e3o Brasileira de Bibliotecas Universit\u00e1rias (CBBU), foi criada a partir de recomenda\u00e7\u00e3o efetuada em 15 de janeiro de 1987, durante a realiza\u00e7\u00e3o do V Semin\u00e1rio Nacional de Bibliotecas Universit\u00e1rias, em Porto Alegre. De acordo com o <a href=\"https:\/\/www.febab.org\/cbbu\/sobre-a-cbbu\/\"> Read more&#8230;<\/a><\/p>\n","protected":false},"author":1,"featured_media":0,"parent":0,"menu_order":0,"comment_status":"closed","ping_status":"open","template":"","meta":{"footnotes":""},"class_list":["post-2","page","type-page","status-publish","hentry"],"_links":{"self":[{"href":"https:\/\/www.febab.org\/cbbu\/wp-json\/wp\/v2\/pages\/2","targetHints":{"allow":["GET"]}}],"collection":[{"href":"https:\/\/www.febab.org\/cbbu\/wp-json\/wp\/v2\/pages"}],"about":[{"href":"https:\/\/www.febab.org\/cbbu\/wp-json\/wp\/v2\/types\/page"}],"author":[{"embeddable":true,"href":"https:\/\/www.febab.org\/cbbu\/wp-json\/wp\/v2\/users\/1"}],"replies":[{"embeddable":true,"href":"https:\/\/www.febab.org\/cbbu\/wp-json\/wp\/v2\/comments?post=2"}],"version-history":[{"count":24,"href":"https:\/\/www.febab.org\/cbbu\/wp-json\/wp\/v2\/pages\/2\/revisions"}],"predecessor-version":[{"id":1641,"href":"https:\/\/www.febab.org\/cbbu\/wp-json\/wp\/v2\/pages\/2\/revisions\/1641"}],"wp:attachment":[{"href":"https:\/\/www.febab.org\/cbbu\/wp-json\/wp\/v2\/media?parent=2"}],"curies":[{"name":"wp","href":"https:\/\/api.w.org\/{rel}","templated":true}]}}