{"id":211,"date":"2018-09-03T17:09:35","date_gmt":"2018-09-03T20:09:35","guid":{"rendered":"http:\/\/www.febab.org\/cbbu2\/?page_id=211"},"modified":"2020-04-01T16:22:57","modified_gmt":"2020-04-01T19:22:57","slug":"sobre-os-conteudos-2","status":"publish","type":"page","link":"https:\/\/www.febab.org\/cbbu\/sobre-os-conteudos-2\/","title":{"rendered":"Sobre os Conte\u00fados"},"content":{"rendered":"\n<p>Neste primeiro momento estar\u00e1 dispon\u00edvel uma parte de todo o arquivo f\u00edsico da FEBAB e Anais de Eventos coo CBBD, SNBU e INTEGRAR.&nbsp; A CBBU est\u00e1 contribuindo inicialmente com a inclus\u00e3o dos Anais do Semin\u00e1rio Nacional de Bibliotecas Universit\u00e1rias e esperamos em breve ter todo o trabalho finalizado.&nbsp; Em outro momento incluiremos&nbsp;os documentos da Comiss\u00e3o.<\/p>\n","protected":false},"excerpt":{"rendered":"<p>Neste primeiro momento estar\u00e1 dispon\u00edvel uma parte de todo o arquivo f\u00edsico da FEBAB e Anais de Eventos coo CBBD, SNBU e INTEGRAR.&nbsp; A CBBU est\u00e1 contribuindo inicialmente com a inclus\u00e3o dos Anais do Semin\u00e1rio Nacional de Bibliotecas Universit\u00e1rias e <a href=\"https:\/\/www.febab.org\/cbbu\/sobre-os-conteudos-2\/\"> Read more&#8230;<\/a><\/p>\n","protected":false},"author":2,"featured_media":0,"parent":0,"menu_order":0,"comment_status":"closed","ping_status":"closed","template":"","meta":{"footnotes":""},"class_list":["post-211","page","type-page","status-publish","hentry"],"_links":{"self":[{"href":"https:\/\/www.febab.org\/cbbu\/wp-json\/wp\/v2\/pages\/211","targetHints":{"allow":["GET"]}}],"collection":[{"href":"https:\/\/www.febab.org\/cbbu\/wp-json\/wp\/v2\/pages"}],"about":[{"href":"https:\/\/www.febab.org\/cbbu\/wp-json\/wp\/v2\/types\/page"}],"author":[{"embeddable":true,"href":"https:\/\/www.febab.org\/cbbu\/wp-json\/wp\/v2\/users\/2"}],"replies":[{"embeddable":true,"href":"https:\/\/www.febab.org\/cbbu\/wp-json\/wp\/v2\/comments?post=211"}],"version-history":[{"count":3,"href":"https:\/\/www.febab.org\/cbbu\/wp-json\/wp\/v2\/pages\/211\/revisions"}],"predecessor-version":[{"id":1077,"href":"https:\/\/www.febab.org\/cbbu\/wp-json\/wp\/v2\/pages\/211\/revisions\/1077"}],"wp:attachment":[{"href":"https:\/\/www.febab.org\/cbbu\/wp-json\/wp\/v2\/media?parent=211"}],"curies":[{"name":"wp","href":"https:\/\/api.w.org\/{rel}","templated":true}]}}