{"id":274,"date":"2018-09-05T17:44:06","date_gmt":"2018-09-05T20:44:06","guid":{"rendered":"http:\/\/www.febab.org\/cbbu2\/?page_id=274"},"modified":"2018-09-14T19:16:07","modified_gmt":"2018-09-14T22:16:07","slug":"snbu-2","status":"publish","type":"page","link":"https:\/\/www.febab.org\/cbbu\/snbu-2\/","title":{"rendered":"SNBU"},"content":{"rendered":"<div id=\"comp-j8pzmjiz\" class=\"txtNew\" data-packed=\"true\">\n<h1 style=\"text-align: center;\"><strong>Semin\u00e1rio Nacional de Bibliotecas Universit\u00e1rias (SNBU) <\/strong><\/h1>\n<p class=\"font_7\" style=\"text-align: center;\">Com sua primeira realiza\u00e7\u00e3o em 1978, o Semin\u00e1rio Nacional de Bibliotecas Universit\u00e1rias (SNBU) encontra-se em sua 20\u00aa edi\u00e7\u00e3o e busca promover a reflex\u00e3o, o debate e o interc\u00e2mbio de informa\u00e7\u00f5es entre os profissionais da \u00e1rea de informa\u00e7\u00e3o com foco voltado para as quest\u00f5es que envolvem as a\u00e7\u00f5es das Bibliotecas Universit\u00e1rias.<span class=\"wixGuard\">\u200b<\/span><\/p>\n<p class=\"font_7\" style=\"text-align: center;\">Com ocorr\u00eancias bienais ou trienais, o evento se consolidou como o maior f\u00f3rum de discuss\u00e3o da \u00e1rea, tendo suas tem\u00e1ticas evolu\u00eddo conforme o contexto de desenvolvimento cient\u00edfico, tecnol\u00f3gico, econ\u00f4mico e cultural da sociedade brasileira, tend\u00eancia que pode ser confirmada na retrospectiva hist\u00f3ria dos temas das edi\u00e7\u00f5es realizadas e seus respectivos anais.<\/p>\n<p style=\"text-align: center;\"><i>obs.<\/i><em>*: Os trabalhos est\u00e3o sendo digitalizados e ser\u00e3o disponibilizados em breve em nosso reposit\u00f3rio.<\/em><\/p>\n<h1 style=\"text-align: center;\"><b>EDI\u00c7\u00d5ES DO SNBU<\/b><\/h1>\n<\/div>\n<div id=\"comp-je0k4626\" class=\"wp2\" title=\"\" data-exact-height=\"155\" data-content-padding-horizontal=\"0\" data-content-padding-vertical=\"0\">\n<div id=\"comp-je0k4626link\" class=\"wp2link\">\n<ul>\n<li id=\"comp-je0k4626img\" class=\"wp2img\">\u00a0I SNBU: A biblioteca como suporte do ensino e da pesquisa no desenvolvimento nacional. Universidade Federal Fluminense (UFF), Niter\u00f3i, 23 a 28 de julho de 1978.<\/li>\n<li>II SNBU: Avalia\u00e7\u00e3o do desempenho da biblioteca universit\u00e1ria no Brasil. Coordena\u00e7\u00e3o de Aperfei\u00e7oamento de Pessoal de N\u00edvel Superior (Capes), Bras\u00edlia, 25 a 30 de janeiro de 1981.<\/li>\n<li>III SNBU: Mecanismo de administra\u00e7\u00e3o de bibliotecas universit\u00e1rias. Universidade Federal do Rio Grande do Norte (UFRN), Natal, 27 de fevereiro a 04 de mar\u00e7o de 1983.<\/li>\n<li>\u00a0\u00a0 IV SNBU: Bibliotecas universit\u00e1rias: usu\u00e1rios e servi\u00e7os. Universidade de Campinas (Unicamp), Campinas, 03 a 08 de fevereiro de 1985.<\/li>\n<li>V SNBU: Plano Nacional de Bibliotecas Universit\u00e1rias. Universidade Federal do Rio Grande do Sul (UFRGS), Porto Alegre, 12 a 16 de janeiro de 1987.<\/li>\n<li>VI SNBU: Automa\u00e7\u00e3o de bibliotecas e servi\u00e7os aos usu\u00e1rios. Universidade Federal do Par\u00e1 (UFPA), Bel\u00e9m, 11 a 16 de junho de 1989.<\/li>\n<li>VII SNBU: Padr\u00f5es nacionais para planejamento e avalia\u00e7\u00e3o em bibliotecas universit\u00e1rias.\u00a0 Universidade Federal do Rio de Janeiro (UFRJ), Rio de Janeiro, 24 a 29 de\u00a0novembro de 1991.<\/li>\n<li>VIII SNBU: Integra\u00e7\u00e3o e compartilhamento. Universidade de Campinas (Unicamp), Campinas, 07 a 11 de novembro de 1994.<\/li>\n<li>IX SNBU: A biblioteca universit\u00e1ria e a sociedade da informa\u00e7\u00e3o. Universidade Federal do Paran\u00e1 (UFPR) e Pontif\u00edcia Universidade Cat\u00f3lica do Paran\u00e1 (PUC-PR), Curitiba, 27 de outubro a 01 de novembro de 1996.<\/li>\n<li>\u00a0X SNBU: Gest\u00e3o de bibliotecas universit\u00e1rias: estrat\u00e9gias para um novo tempo. Universidade Federal do Cear\u00e1 (UFC), Universidade de Fortaleza (UNIFOR) e Associa\u00e7\u00e3o dos Bibliotec\u00e1rios do Cear\u00e1 (ABC), Fortaleza, 25 a 10 de outubro de 1998.<\/li>\n<li>\u00a0XI SNBU: A biblioteca universit\u00e1ria do s\u00e9culo XXI.\u00a0 Universidade Federal de Santa Catarina (UFSC) e Associa\u00e7\u00e3o Catarinense das Funda\u00e7\u00f5es Educacionais (ACAFE), Florian\u00f3polis, 24 a 28 de abril de 2000.<\/li>\n<li>\u00a0XII SNBU: Bibliotecas universit\u00e1rias: espa\u00e7os de (r) evolu\u00e7\u00e3o do conhecimento e da informa\u00e7\u00e3o.\u00a0 Universidade Federal de Pernambuco (UFPE), Recife, 21 a 25 de outubro de 2002.<\/li>\n<li>XIII SNBU: Bibliotecas universit\u00e1rias: (Re) Dimens\u00e3o de bibliotecas universit\u00e1rias: da gest\u00e3o estrat\u00e9gica \u00e0 inclus\u00e3o social. Universidade Federal do Rio Grande do Norte (UFRN), Natal, 17 a 21 de outubro de 2004.<\/li>\n<li>\u00a0 XIV SNBU: Acesso livre \u00e0 informa\u00e7\u00e3o cient\u00edfica e bibliotecas universit\u00e1rias. Universidade Federal da Bahia (UFBA) Salvador, 22 a 27 de outubro de 2006.<\/li>\n<li>\u00a0 XV SNBU: Empreendedorismo e inova\u00e7\u00e3o: desafios da biblioteca universit\u00e1ria. Conselho de Reitores das Universidades Estaduais Paulistas (CRUESP) &#8211; Universidade de Campinas (Unicamp), Universidade Estadual Paulista (Unesp), Universidade de S\u00e3o Paulo (USP). S\u00e3o Paulo, 10 a 14 de novembro de 2008.<\/li>\n<li>\u00a0XVI SNBU: Onde estamos, para onde vamos? Universidade Federal do Rio de Janeiro, 17 a 22 de outubro de 2010.<\/li>\n<li>\u00a0XVII SNBU: A biblioteca universit\u00e1ria como laborat\u00f3rio na sociedade da informa\u00e7\u00e3o. Universidade Federal do Rio Grande do Sul. Gramado, 16 a 21 de setembro de 2012.<\/li>\n<li>\u00a0XVIII SNBU: Bibliotecas universit\u00e1rias e o acesso p\u00fablico \u00e0 informa\u00e7\u00e3o: articulando leis, tecnologias, pr\u00e1ticas e gest\u00e3o. Universidade Federal de Minas Gerais, Belo Horizonte, 12 a 21 de novembro de 2014.<\/li>\n<li>XIX SNBU: A biblioteca universit\u00e1ria como agente de sustentabilidade institucional. Universidade Federal do Amazonas (UFAM),\u00a0Universidade do Estado do Amazonas (UEAM) e Instituto Federal do Amazonas (IFMA). Manaus, 15 a 21 de outubro de 2016.<\/li>\n<li>XX SNBU: O Futuro da Biblioteca Universit\u00e1ria na Perspectiva do Ensino, Inova\u00e7\u00e3o, Cria\u00e7\u00e3o, Pesquisa e Extens\u00e3o. Universidade Feredal da Bahia (UFBA). Salvador, 15 a 20 de abril de 2018.<\/li>\n<\/ul>\n<\/div>\n<\/div>\n<div id=\"comp-je0k462t\" class=\"wp2\" title=\"\" data-exact-height=\"183\" data-content-padding-horizontal=\"0\" data-content-padding-vertical=\"0\">\n<div id=\"comp-je0k462tlink\" class=\"wp2link\">\n<div id=\"comp-je0k462timg\" class=\"wp2img\" data-style=\"\"><\/div>\n<\/div>\n<\/div>\n<div id=\"comp-je0k462x\" class=\"wp2\" title=\"\" data-exact-height=\"176\" data-content-padding-horizontal=\"0\" data-content-padding-vertical=\"0\">\n<div id=\"comp-je0k462xlink\" class=\"wp2link\">\n<div id=\"comp-je0k462ximg\" class=\"wp2img\" data-style=\"\"><\/div>\n<\/div>\n<\/div>\n<div id=\"comp-je0keu6o\" class=\"wp2\" title=\"\" data-exact-height=\"144\" data-content-padding-horizontal=\"0\" data-content-padding-vertical=\"0\">\n<div id=\"comp-je0keu6olink\" class=\"wp2link\">\n<div id=\"comp-je0keu6oimg\" class=\"wp2img\" data-style=\"\"><\/div>\n<\/div>\n<\/div>\n","protected":false},"excerpt":{"rendered":"<p>Semin\u00e1rio Nacional de Bibliotecas Universit\u00e1rias (SNBU) Com sua primeira realiza\u00e7\u00e3o em 1978, o Semin\u00e1rio Nacional de Bibliotecas Universit\u00e1rias (SNBU) encontra-se em sua 20\u00aa edi\u00e7\u00e3o e busca promover a reflex\u00e3o, o debate e o interc\u00e2mbio de informa\u00e7\u00f5es entre os profissionais da <a href=\"https:\/\/www.febab.org\/cbbu\/snbu-2\/\"> Read more&#8230;<\/a><\/p>\n","protected":false},"author":2,"featured_media":0,"parent":0,"menu_order":0,"comment_status":"closed","ping_status":"closed","template":"","meta":{"footnotes":""},"class_list":["post-274","page","type-page","status-publish","hentry"],"_links":{"self":[{"href":"https:\/\/www.febab.org\/cbbu\/wp-json\/wp\/v2\/pages\/274","targetHints":{"allow":["GET"]}}],"collection":[{"href":"https:\/\/www.febab.org\/cbbu\/wp-json\/wp\/v2\/pages"}],"about":[{"href":"https:\/\/www.febab.org\/cbbu\/wp-json\/wp\/v2\/types\/page"}],"author":[{"embeddable":true,"href":"https:\/\/www.febab.org\/cbbu\/wp-json\/wp\/v2\/users\/2"}],"replies":[{"embeddable":true,"href":"https:\/\/www.febab.org\/cbbu\/wp-json\/wp\/v2\/comments?post=274"}],"version-history":[{"count":8,"href":"https:\/\/www.febab.org\/cbbu\/wp-json\/wp\/v2\/pages\/274\/revisions"}],"predecessor-version":[{"id":481,"href":"https:\/\/www.febab.org\/cbbu\/wp-json\/wp\/v2\/pages\/274\/revisions\/481"}],"wp:attachment":[{"href":"https:\/\/www.febab.org\/cbbu\/wp-json\/wp\/v2\/media?parent=274"}],"curies":[{"name":"wp","href":"https:\/\/api.w.org\/{rel}","templated":true}]}}