{"id":275,"date":"2018-09-05T17:44:06","date_gmt":"2018-09-05T20:44:06","guid":{"rendered":"http:\/\/www.febab.org\/cbbu2\/?page_id=275"},"modified":"2018-09-10T17:47:32","modified_gmt":"2018-09-10T20:47:32","slug":"pnbu-2","status":"publish","type":"page","link":"https:\/\/www.febab.org\/cbbu\/pnbu-2\/","title":{"rendered":"PNBU"},"content":{"rendered":"<h1 id=\"comp-je04rjhb\" class=\"txtNew\" style=\"text-align: center;\" data-packed=\"true\"><strong>Programa\u00a0Nacional\u00a0de Bibliotecas Universit\u00e1rias<\/strong><\/h1>\n<div id=\"comp-jfs6b3s6\" class=\"txtNew\" data-packed=\"false\" data-min-height=\"246\">\n<p class=\"font_8\">Reconhecida como a primeira pol\u00edtica p\u00fablica especificamente constitu\u00edda para as bibliotecas universit\u00e1rias, o Programa\u00a0Nacional de Bibliotecas Universit\u00e1rias (PNBu) apresentado pela Secretaria de Ensino Superior (SESu) do Minist\u00e9rio da Educa\u00e7\u00e3o (MEC) por meio da Portaria N\u00ba 287 de 24 de abril de 1986, foi fomentado pelos bibliotec\u00e1rios universit\u00e1rios com apoio de ag\u00eancias de fomento e \u00f3rg\u00e3os como a Biblioteca Nacional, o Conselho dos Reitores das Universidades Brasileiras (CRUB), a Federa\u00e7\u00e3o Brasileira de Associa\u00e7\u00f5es de Bibliotec\u00e1rios, Cientistas da Informa\u00e7\u00e3o e Institui\u00e7\u00f5es (FEBAB) e o pr\u00f3prio Minist\u00e9rio da Educa\u00e7\u00e3o (MEC).O Programa constitui em 1986, como forma de prospectar suas a\u00e7\u00f5es,\u00a0o I Plano Nacional de Bibliotecas Universit\u00e1rias.<\/p>\n<p>&nbsp;<\/p>\n<\/div>\n<div id=\"comp-je0psui2\" class=\"s_DIkImageButtonSkin\" data-state=\"supports_opacity transition_none prepare_hda \">\n<div class=\"s_DIkImageButtonSkin_correct-positioning\">\n<div id=\"comp-je0psui2defaultImage\" class=\"s_DIkImageButtonSkindefaultImage\" data-style=\"\"><img decoding=\"async\" id=\"comp-je0psui2defaultImageimage\" class=\"alignleft\" src=\"https:\/\/static.wixstatic.com\/media\/035244_0b3967ce744d4abf9724f3904d24cbec~mv2.png\/v1\/fill\/w_62,h_62,al_c,q_80,usm_0.66_1.00_0.01\/035244_0b3967ce744d4abf9724f3904d24cbec~mv2.webp\" alt=\"\" data-type=\"image\" \/><\/div>\n<div class=\"s_DIkImageButtonSkindefaultImage\" data-style=\"\"><\/div>\n<div class=\"s_DIkImageButtonSkindefaultImage\" data-style=\"\"><span id=\"comp-jfs6jahilabel\" class=\"style-je0pyvfplabel\"><a href=\"http:\/\/www.febab.org\/cbbu2\/wp-content\/uploads\/2018\/09\/Portaria-do-MEC.pdf\">Portaria do MEC<\/a><\/span><\/div>\n<div data-style=\"\"><\/div>\n<\/div>\n<\/div>\n","protected":false},"excerpt":{"rendered":"<p>Programa\u00a0Nacional\u00a0de Bibliotecas Universit\u00e1rias Reconhecida como a primeira pol\u00edtica p\u00fablica especificamente constitu\u00edda para as bibliotecas universit\u00e1rias, o Programa\u00a0Nacional de Bibliotecas Universit\u00e1rias (PNBu) apresentado pela Secretaria de Ensino Superior (SESu) do Minist\u00e9rio da Educa\u00e7\u00e3o (MEC) por meio da Portaria N\u00ba 287 de <a href=\"https:\/\/www.febab.org\/cbbu\/pnbu-2\/\"> Read more&#8230;<\/a><\/p>\n","protected":false},"author":2,"featured_media":0,"parent":0,"menu_order":0,"comment_status":"closed","ping_status":"closed","template":"","meta":{"footnotes":""},"class_list":["post-275","page","type-page","status-publish","hentry"],"_links":{"self":[{"href":"https:\/\/www.febab.org\/cbbu\/wp-json\/wp\/v2\/pages\/275","targetHints":{"allow":["GET"]}}],"collection":[{"href":"https:\/\/www.febab.org\/cbbu\/wp-json\/wp\/v2\/pages"}],"about":[{"href":"https:\/\/www.febab.org\/cbbu\/wp-json\/wp\/v2\/types\/page"}],"author":[{"embeddable":true,"href":"https:\/\/www.febab.org\/cbbu\/wp-json\/wp\/v2\/users\/2"}],"replies":[{"embeddable":true,"href":"https:\/\/www.febab.org\/cbbu\/wp-json\/wp\/v2\/comments?post=275"}],"version-history":[{"count":6,"href":"https:\/\/www.febab.org\/cbbu\/wp-json\/wp\/v2\/pages\/275\/revisions"}],"predecessor-version":[{"id":320,"href":"https:\/\/www.febab.org\/cbbu\/wp-json\/wp\/v2\/pages\/275\/revisions\/320"}],"wp:attachment":[{"href":"https:\/\/www.febab.org\/cbbu\/wp-json\/wp\/v2\/media?parent=275"}],"curies":[{"name":"wp","href":"https:\/\/api.w.org\/{rel}","templated":true}]}}