{"id":403,"date":"2018-09-14T16:35:43","date_gmt":"2018-09-14T19:35:43","guid":{"rendered":"http:\/\/www.febab.org\/cbbu\/?page_id=403"},"modified":"2020-04-16T18:10:43","modified_gmt":"2020-04-16T21:10:43","slug":"lista-de-discussao","status":"publish","type":"page","link":"https:\/\/www.febab.org\/cbbu\/lista-de-discussao\/","title":{"rendered":"Lista de Discuss\u00e3o &#8211; CBBU"},"content":{"rendered":"\n<blockquote class=\"wp-block-quote is-layout-flow wp-block-quote-is-layout-flow\"><p>Agradecemos seu interesse em fazer parte da lista discuss\u00e3o da CBBU, o espa\u00e7o de aprendizado coletivo e que v\u00eam se firmando como importante plataforma de troca de experi\u00eancias entre os profissionais que atuam nas Bibliotecas Universit\u00e1rias.<br><br>Para atender os requisitos de participa\u00e7\u00e3o, por favor, preencha o formul\u00e1rio (<a rel=\"noreferrer noopener\" href=\"https:\/\/bit.ly\/inscricao-cbbu\" target=\"_blank\"><strong><span class=\"has-inline-color has-vivid-red-color\">https:\/\/bit.ly\/inscricao-cbbu<\/span><\/strong><\/a>) e em seguida habilitaremos a seu email na lista.<br><br>Bem Vindo(a)!<\/p><\/blockquote>\n\n\n\n<iframe src=\"https:\/\/docs.google.com\/forms\/d\/e\/1FAIpQLSfXssvtum07poPuG_FnUNXaZHoIhP3_kZREAp3Ll9Rmq5yg9A\/viewform?embedded=true\" width=\"640\" height=\"1200\" frameborder=\"0\" marginheight=\"0\" marginwidth=\"0\" align=\"center\">Carregando\u2026<\/iframe>\n\n\n\n<p><\/p>\n","protected":false},"excerpt":{"rendered":"<p>Agradecemos seu interesse em fazer parte da lista discuss\u00e3o da CBBU, o espa\u00e7o de aprendizado coletivo e que v\u00eam se firmando como importante plataforma de troca de experi\u00eancias entre os profissionais que atuam nas Bibliotecas Universit\u00e1rias. Para atender os requisitos <a href=\"https:\/\/www.febab.org\/cbbu\/lista-de-discussao\/\"> Read more&#8230;<\/a><\/p>\n","protected":false},"author":2,"featured_media":0,"parent":0,"menu_order":0,"comment_status":"closed","ping_status":"closed","template":"","meta":{"footnotes":""},"class_list":["post-403","page","type-page","status-publish","hentry"],"_links":{"self":[{"href":"https:\/\/www.febab.org\/cbbu\/wp-json\/wp\/v2\/pages\/403","targetHints":{"allow":["GET"]}}],"collection":[{"href":"https:\/\/www.febab.org\/cbbu\/wp-json\/wp\/v2\/pages"}],"about":[{"href":"https:\/\/www.febab.org\/cbbu\/wp-json\/wp\/v2\/types\/page"}],"author":[{"embeddable":true,"href":"https:\/\/www.febab.org\/cbbu\/wp-json\/wp\/v2\/users\/2"}],"replies":[{"embeddable":true,"href":"https:\/\/www.febab.org\/cbbu\/wp-json\/wp\/v2\/comments?post=403"}],"version-history":[{"count":11,"href":"https:\/\/www.febab.org\/cbbu\/wp-json\/wp\/v2\/pages\/403\/revisions"}],"predecessor-version":[{"id":1093,"href":"https:\/\/www.febab.org\/cbbu\/wp-json\/wp\/v2\/pages\/403\/revisions\/1093"}],"wp:attachment":[{"href":"https:\/\/www.febab.org\/cbbu\/wp-json\/wp\/v2\/media?parent=403"}],"curies":[{"name":"wp","href":"https:\/\/api.w.org\/{rel}","templated":true}]}}