{"id":419,"date":"2018-09-14T17:23:13","date_gmt":"2018-09-14T20:23:13","guid":{"rendered":"http:\/\/www.febab.org\/cbbu\/?page_id=419"},"modified":"2025-03-31T16:04:04","modified_gmt":"2025-03-31T19:04:04","slug":"pnbu-i","status":"publish","type":"page","link":"https:\/\/www.febab.org\/cbbu\/pnbu-i\/","title":{"rendered":"PNBU I"},"content":{"rendered":"\t\t<div data-elementor-type=\"wp-page\" data-elementor-id=\"419\" class=\"elementor elementor-419\">\n\t\t\t\t\t\t<section class=\"elementor-section elementor-top-section elementor-element elementor-element-461807cd elementor-section-boxed elementor-section-height-default elementor-section-height-default\" data-id=\"461807cd\" data-element_type=\"section\" data-e-type=\"section\">\n\t\t\t\t\t\t<div class=\"elementor-container elementor-column-gap-default\">\n\t\t\t\t\t<div class=\"elementor-column elementor-col-100 elementor-top-column elementor-element elementor-element-528596ca\" data-id=\"528596ca\" data-element_type=\"column\" data-e-type=\"column\">\n\t\t\t<div class=\"elementor-widget-wrap elementor-element-populated\">\n\t\t\t\t\t\t<div class=\"elementor-element elementor-element-24bc02ef elementor-widget elementor-widget-text-editor\" data-id=\"24bc02ef\" data-element_type=\"widget\" data-e-type=\"widget\" data-widget_type=\"text-editor.default\">\n\t\t\t\t<div class=\"elementor-widget-container\">\n\t\t\t\t\t\t\t\t\t<h1 data-packed=\"true\">\u00a0<\/h1><h1 data-packed=\"true\"><strong>I\u00a0Plano Nacional de Bibliotecas Universit\u00e1rias<\/strong><\/h1><div data-packed=\"true\"><p>O I PNBU, datado de\u00a01986, \u00a0foi composto por 6 eixos, 12 \u00a0diretrizes que foram desdobradas em 46 a\u00e7\u00f5es.<\/p><\/div><div title=\"\" data-exact-height=\"542\" data-content-padding-horizontal=\"0\" data-content-padding-vertical=\"0\"><div><div data-style=\"\"><img decoding=\"async\" src=\"https:\/\/static.wixstatic.com\/media\/ae21af_c3e304b84c394cacad4382109d2e79a7~mv2.jpg\/v1\/fill\/w_409,h_542,al_c,q_80,usm_0.66_1.00_0.01\/ae21af_c3e304b84c394cacad4382109d2e79a7~mv2.webp\" alt=\"\" data-type=\"image\" \/><\/div><\/div><\/div><div title=\"\" data-exact-height=\"545\" data-content-padding-horizontal=\"0\" data-content-padding-vertical=\"0\"><div><div data-style=\"\"><img decoding=\"async\" src=\"https:\/\/static.wixstatic.com\/media\/ae21af_e2f3e7b7708441fd8f1978435a741702~mv2_d_1756_2228_s_2.jpg\/v1\/fill\/w_430,h_545,al_c,q_80,usm_0.66_1.00_0.01\/ae21af_e2f3e7b7708441fd8f1978435a741702~mv2_d_1756_2228_s_2.webp\" alt=\"\" data-type=\"image\" \/><\/div><\/div><\/div><div data-packed=\"true\"><p>Fonte: GARCIA, Maria L\u00facia Andrade. Plano Nacional de Bibliotecas Universit\u00e1rias (PNBU): planejamento e perman\u00eancia. Bras\u00edlia:<\/p><p><a href=\"https:\/\/www.febab.org\/cbbu\/wp-content\/uploads\/2025\/03\/PlanoNacionalBibliotecaUniversitaria-1991.pdf\">Plano Nacional de Bibliotecas Universit\u00e1rias 1991<\/a><\/p><p><a href=\"https:\/\/legis.senado.leg.br\/norma\/521604\/publicacao\/15804545\"><span style=\"font-size: 10.5pt; font-family: Arial, sans-serif; color: #333333; font-variant-numeric: normal; font-variant-east-asian: normal; font-variant-alternates: normal; font-variant-position: normal; font-variant-emoji: normal; vertical-align: baseline; white-space-collapse: preserve;\">Decreto n\u00b0 98.964, de 16 de fevereiro de 1990<\/span><\/a><\/p><p>GALV\u00c3O, Derblay. <strong>Plano Nacional de Bibliotecas Universit\u00e1rias:<\/strong> discurso MEC\/SESu. Porto Alegre: UFRGS, 1987. Dispon\u00edvel em: <a href=\"http:\/\/repositorio.febab.libertar.org\/items\/show\/3553\">http:\/\/repositorio.febab.libertar.org\/items\/show\/3553<\/a><\/p><p><span style=\"font-weight: 400;\">SANTOS, Edilene Toscano Galdino dos. Plano Nacional de Bibliotecas Universit\u00e1rias (Pnbu)1: proposta para uma narrativa hist\u00f3rica. <\/span><b>Pesq. Bras. em Ci. da Inf. e Bib.<\/b><span style=\"font-weight: 400;\">, Jo\u00e3o Pessoa, v. 14, n. 1, p. 58-66, 2019. Dispon\u00edvel em:\u00a0<\/span><a href=\"https:\/\/www.pbcib.com\/index.php\/pbcib\/article\/view\/44843\/22399\"><span style=\"font-weight: 400;\">https:\/\/www.pbcib.com\/index.php\/pbcib\/article\/view\/44843\/22399<\/span><\/a><\/p><\/div>\t\t\t\t\t\t\t\t<\/div>\n\t\t\t\t<\/div>\n\t\t\t\t\t<\/div>\n\t\t<\/div>\n\t\t\t\t\t<\/div>\n\t\t<\/section>\n\t\t\t\t<\/div>\n\t\t","protected":false},"excerpt":{"rendered":"<p>\u00a0 I\u00a0Plano Nacional de Bibliotecas Universit\u00e1rias O I PNBU, datado de\u00a01986, \u00a0foi composto por 6 eixos, 12 \u00a0diretrizes que foram desdobradas em 46 a\u00e7\u00f5es. Fonte: GARCIA, Maria L\u00facia Andrade. Plano Nacional de Bibliotecas Universit\u00e1rias (PNBU): planejamento e perman\u00eancia. Bras\u00edlia: Plano <a href=\"https:\/\/www.febab.org\/cbbu\/pnbu-i\/\"> Read more&#8230;<\/a><\/p>\n","protected":false},"author":2,"featured_media":0,"parent":0,"menu_order":0,"comment_status":"closed","ping_status":"closed","template":"","meta":{"footnotes":""},"class_list":["post-419","page","type-page","status-publish","hentry"],"_links":{"self":[{"href":"https:\/\/www.febab.org\/cbbu\/wp-json\/wp\/v2\/pages\/419","targetHints":{"allow":["GET"]}}],"collection":[{"href":"https:\/\/www.febab.org\/cbbu\/wp-json\/wp\/v2\/pages"}],"about":[{"href":"https:\/\/www.febab.org\/cbbu\/wp-json\/wp\/v2\/types\/page"}],"author":[{"embeddable":true,"href":"https:\/\/www.febab.org\/cbbu\/wp-json\/wp\/v2\/users\/2"}],"replies":[{"embeddable":true,"href":"https:\/\/www.febab.org\/cbbu\/wp-json\/wp\/v2\/comments?post=419"}],"version-history":[{"count":25,"href":"https:\/\/www.febab.org\/cbbu\/wp-json\/wp\/v2\/pages\/419\/revisions"}],"predecessor-version":[{"id":1620,"href":"https:\/\/www.febab.org\/cbbu\/wp-json\/wp\/v2\/pages\/419\/revisions\/1620"}],"wp:attachment":[{"href":"https:\/\/www.febab.org\/cbbu\/wp-json\/wp\/v2\/media?parent=419"}],"curies":[{"name":"wp","href":"https:\/\/api.w.org\/{rel}","templated":true}]}}