{"id":494,"date":"2018-10-25T13:38:35","date_gmt":"2018-10-25T16:38:35","guid":{"rendered":"http:\/\/www.febab.org\/cbbu\/?page_id=494"},"modified":"2019-03-19T16:07:44","modified_gmt":"2019-03-19T19:07:44","slug":"sobre","status":"publish","type":"page","link":"https:\/\/www.febab.org\/cbbu\/sobre\/","title":{"rendered":"Sobre"},"content":{"rendered":"<p>O Comit\u00ea de Desenvolvimento de Cole\u00e7\u00f5es- CDDC foi criado e aprovado, em conformidade com o exposto no o Art. 6o, inciso \u201ch\u201d do Regimento, para assessorar a Diretoria da CBBU, em temas metodol\u00f3gicos e t\u00f3picos relativos \u00e0 aquisi\u00e7\u00e3o de materiais impressos e outros materiais de biblioteca anal\u00f3gica (por compra, permuta, doa\u00e7\u00e3o, dep\u00f3sito legal), e o licenciamento e compra de recursos de informa\u00e7\u00e3o eletr\u00f4nicos.<br \/>\nOs interesses especializados do comit\u00ea incluem pol\u00edticas de desenvolvimento de cole\u00e7\u00f5es, m\u00e9todos de desenvolvimento de cole\u00e7\u00f5es, t\u00e9cnicas e pr\u00e1ticas para avalia\u00e7\u00e3o de cole\u00e7\u00f5es, estat\u00edsticas de uso, quest\u00f5es de pre\u00e7o de materiais, quest\u00f5es de propriedade versus acesso, duplica\u00e7\u00e3o de formato, rela\u00e7\u00f5es de bibliotec\u00e1rios com editores. e fornecedores, e utilizando<br \/>\ntecnologias emergentes para melhorar o acesso a recursos de informa\u00e7\u00e3o.<br \/>\nO CBDC em sua atua\u00e7\u00e3o objetiva:<\/p>\n<p>&#8211; Apresentar projetos, estudos, metodologias, padr\u00f5es, produtos e reflex\u00f5es sobre as quest\u00f5es pertinentes \u00e0 \u00e1rea de Desenvolvimento de Cole\u00e7\u00f5es;<br \/>\n&#8211; Propor melhorias nos procedimentos e rotinas de desenvolvimento de cole\u00e7\u00f5es;<br \/>\n&#8211; Compartilhar conhecimentos e melhores pr\u00e1ticas no desenvolvimento de cole\u00e7\u00f5es;<br \/>\n&#8211; Estabelecer e padronizar conceitos e terminologias da tem\u00e1tica.<\/p>\n<p>&nbsp;<\/p>\n<h1><strong>Hist\u00f3rico<\/strong><\/h1>\n<p>O Comit\u00ea Brasileiro de Desenvolvimento de Cole\u00e7\u00f5es- CBDC, originou-se de um grupo de estudos em aquisi\u00e7\u00e3o e desenvolvimento de cole\u00e7\u00f5es iniciado em 2012, coordenador pela UFRGS. A partir de discuss\u00f5es demandas no SNBU e CBBD (2012\/2013) este grupo de estudos veio a formalizar-se ao se transformar em um Comit\u00ea vinculado \u00e0 Comiss\u00e3o Brasileira de Bibliotecas Universit\u00e1rias (CBBU), em meados de 2014 mediante elei\u00e7\u00e3o. Essa formaliza\u00e7\u00e3o tornou o CBDC um comit\u00ea assessor da CBBU, passando a atuar na esfera do movimento associativo e representativo no pa\u00eds. A trajet\u00f3ria hist\u00f3rica do CBDC se divide em duas fases, a implementa\u00e7\u00e3o e a formaliza\u00e7\u00e3o.<\/p>\n<p>No quadro a seguir \u00e9 poss\u00edvel visualizar um resumo da fase de implementa\u00e7\u00e3o:<\/p>\n<table>\n<tbody>\n<tr>\n<td width=\"192\"><strong>Per\u00edodo <\/strong><\/td>\n<td width=\"192\"><strong>Principais eventos<\/strong><\/td>\n<td width=\"192\"><strong>Acontecimentos<\/strong><\/td>\n<\/tr>\n<tr>\n<td width=\"192\">2010<\/td>\n<td width=\"192\">A atual coordena\u00e7\u00e3o do NAQ\/UFRGS passa a desenvolver a nova forma de licita\u00e7\u00e3o de material bibliogr\u00e1fico.<\/td>\n<td width=\"192\">Preg\u00e3o eletr\u00f4nico por maior desconto global.<\/td>\n<\/tr>\n<tr>\n<td width=\"192\">2011<\/td>\n<td width=\"192\">A nova forma de processo de aquisi\u00e7\u00e3o de material bibliogr\u00e1fico \u00e9 bem sucedida pelo NAQ.<\/td>\n<td width=\"192\">H\u00e1 um aumento do acervo bibliogr\u00e1fico da UFRGS.<\/td>\n<\/tr>\n<tr>\n<td width=\"192\">2011\/2012<\/td>\n<td width=\"192\">O NAQ\/UFRGS passa a ser consultado, por profissionais de outras universidades do pa\u00eds, sobre como desenvolver o processo de aquisi\u00e7\u00e3o.<\/td>\n<td width=\"192\">Troca de informa\u00e7\u00f5es e conhecimentos, com as universidades que procuravam o NAQ.<\/p>\n<p>Estabelecimento de uma rede de relacionamentos.<\/td>\n<\/tr>\n<tr>\n<td width=\"192\">2012<\/td>\n<td width=\"192\">Bibliotec\u00e1rios da UNIRIO solicitam visita t\u00e9cnica ao NAQ\/UFRGS.<\/p>\n<p>&nbsp;<\/td>\n<td width=\"192\">Esclarecimentos de d\u00favidas sobre o processo de aquisi\u00e7\u00e3o de material bibliogr\u00e1fico. Sugest\u00e3o da cria\u00e7\u00e3o de um grupo de estudos em aquisi\u00e7\u00e3o.<\/td>\n<\/tr>\n<tr>\n<td width=\"192\">2013<\/p>\n<p>&nbsp;<\/p>\n<p>&nbsp;<\/p>\n<p>&nbsp;<\/p>\n<p>&nbsp;<\/td>\n<td width=\"192\">Primeiro encontro do grupo reuni\u00e3o do grupo de estudos em desenvolvimento de cole\u00e7\u00f5es \u2013 aquisi\u00e7\u00e3o no Congresso Brasileiro de<\/p>\n<p>Biblioteconomia, documenta\u00e7\u00e3o e Ci\u00eancia da Informa\u00e7\u00e3o (CBBD), na cidade de Florian\u00f3polis.<\/td>\n<td width=\"192\">Divulga\u00e7\u00e3o o grupo de estudos para ampliar a rede de relacionamentos.<\/p>\n<p>CBBU participando como apoiadora do grupo.<\/td>\n<\/tr>\n<tr>\n<td width=\"192\">2013\/dez<\/td>\n<td width=\"192\">Primeira reuni\u00e3o tem\u00e1tica sobre desenvolvimento de acervo, na UNIRIO.<\/td>\n<td width=\"192\">Foi tratado o assunto sobre aquisi\u00e7\u00e3o de material bibliogr\u00e1fico eletr\u00f4nico.<\/p>\n<p>Forma\u00e7\u00e3o do grupo de trabalho para proposta \u00e0 CBBU. Cria\u00e7\u00e3o de grupos de trabalho divididos por regi\u00f5es geogr\u00e1ficas.<\/p>\n<p>Estabelecida tarefas para os grupos de trabalhos por regi\u00e3o.<\/td>\n<\/tr>\n<tr>\n<td rowspan=\"4\" width=\"192\">2014<\/td>\n<td width=\"192\">Segunda reuni\u00e3o t\u00e9cnica do grupo de estudos em desenvolvimento de cole\u00e7\u00f5es.<\/td>\n<td width=\"192\">Proposta da CBBU para o grupo de estudos se tornar um comit\u00ea vinculado a ela.<\/td>\n<\/tr>\n<tr>\n<td width=\"192\">Reuni\u00f5es regionais<\/td>\n<td width=\"192\">Divulga\u00e7\u00e3o do grupo por regi\u00f5es e cumprimento da tarefa dada na primeira reuni\u00e3o t\u00e9cnica no grupo de estudos em aquisi\u00e7\u00e3o (na UNIRIO em 2013).<\/p>\n<p>Reuni\u00f5es regionais realizadas nas regi\u00f5es sul, sudeste, centro-oeste e norte.<\/td>\n<\/tr>\n<tr>\n<td width=\"192\">Primeira reuni\u00e3o nacional do<\/p>\n<p>CBDC.<\/td>\n<td width=\"192\">Foram unificados conceitos, terminologias e padr\u00f5es estabelecidos nacionalmente.<\/p>\n<p>O CBDC foi apresentado interinamente pelo presidente da CBBU.<\/td>\n<\/tr>\n<tr>\n<td width=\"192\">Segunda reuni\u00e3o nacional do<\/p>\n<p>CBDC.<\/td>\n<td width=\"192\">Apresenta\u00e7\u00e3o dos componentes do comit\u00ea interino e dos representantes das regi\u00f5es;<\/p>\n<p>Elei\u00e7\u00e3o do comit\u00ea efetivo; (comit\u00ea eleito com chapa \u00fanica).<\/p>\n<p>Proposta e apresenta\u00e7\u00e3o dos grupos de trabalho (GTs), por tema relevante para a \u00e1rea;<\/p>\n<p>Realiza\u00e7\u00e3o de mesa redonda sobre Preserva\u00e7\u00e3o Digital;<\/p>\n<p>Confer\u00eancia sobre Modalidades de aquisi\u00e7\u00e3o do livro impresso no servi\u00e7o p\u00fablico (experi\u00eancia UFRGS);<\/p>\n<p>Palestra sobre Forma\u00e7\u00e3o do pre\u00e7o do livro (impresso) estrangeiro.<\/td>\n<\/tr>\n<tr>\n<td rowspan=\"2\" width=\"192\">2015<\/td>\n<td width=\"192\">Terceira reuni\u00e3o nacional do<\/p>\n<p>CBDC.<\/p>\n<p>&nbsp;<\/td>\n<td width=\"192\">Apresenta\u00e7\u00e3o das altera\u00e7\u00f5es no instrumento de avalia\u00e7\u00e3o de cursos do INEP para bibliografias, pela presidente da CBBU.<\/p>\n<p>F\u00f3rum on-line foi apresentado para utiliza\u00e7\u00e3o dos membros do comit\u00ea.<\/p>\n<p>Relato dos casos da UFRGS, com a aquisi\u00e7\u00e3o de livro impresso importado e primeiro preg\u00e3o eletr\u00f4nico de livro eletr\u00f4nico (ebook) do pa\u00eds.<\/p>\n<p>Relato de experi\u00eancia da USP sobre os modelos de contrato para conte\u00fados eletr\u00f4nicos.<\/p>\n<p>Relato de experi\u00eancia da UFRJ sobre a cria\u00e7\u00e3o da pol\u00edtica de aquisi\u00e7\u00e3o de e-books.<\/td>\n<\/tr>\n<tr>\n<td width=\"192\">Intensifica\u00e7\u00e3o das atividades dos grupos de trabalho.<\/p>\n<p>&nbsp;<\/td>\n<td width=\"192\">Inicia\u00e7\u00e3o da pesquisa do GT de e-books intitulada \u201cuso de e-books pelas bibliotecas universit\u00e1rias brasileiras\u201d.<\/p>\n<p>Inicio da pesquisa, pelo GT de livro impresso, sobre o mapeamento dos procedimentos de aquisi\u00e7\u00e3o de materiais informacionais das institui\u00e7\u00f5es de ensino superior no Brasil.<\/td>\n<\/tr>\n<tr>\n<td width=\"192\">2016<\/td>\n<td width=\"192\">Quarta reuni\u00e3o nacional do<\/p>\n<p>CBDC.<\/td>\n<td width=\"192\">Indica\u00e7\u00e3o da CBBU para a gest\u00e3o 2016-2018 do CBDC.<\/p>\n<p>Unifica\u00e7\u00e3o das fun\u00e7\u00f5es e responsabilidades de cada membro da coordena\u00e7\u00e3o<\/p>\n<p>Apresenta\u00e7\u00e3o dos dados das pesquisas realizadas pelos GTs.<\/p>\n<p>Apresenta\u00e7\u00e3o das palestras: Servi\u00e7os e Solu\u00e7\u00f5es para Biblioteca: aquisi\u00e7\u00e3o de livros estrangeiros impressos e eletr\u00f4nicos, Aquisi\u00e7\u00e3o para o Desenvolvimento de Cole\u00e7\u00f5es Eletr\u00f4nicas.<\/td>\n<\/tr>\n<\/tbody>\n<\/table>\n<p>&nbsp;<\/p>\n","protected":false},"excerpt":{"rendered":"<p>O Comit\u00ea de Desenvolvimento de Cole\u00e7\u00f5es- CDDC foi criado e aprovado, em conformidade com o exposto no o Art. 6o, inciso \u201ch\u201d do Regimento, para assessorar a Diretoria da CBBU, em temas metodol\u00f3gicos e t\u00f3picos relativos \u00e0 aquisi\u00e7\u00e3o de materiais <a href=\"https:\/\/www.febab.org\/cbbu\/sobre\/\"> Read more&#8230;<\/a><\/p>\n","protected":false},"author":2,"featured_media":0,"parent":0,"menu_order":0,"comment_status":"closed","ping_status":"closed","template":"","meta":{"footnotes":""},"class_list":["post-494","page","type-page","status-publish","hentry"],"_links":{"self":[{"href":"https:\/\/www.febab.org\/cbbu\/wp-json\/wp\/v2\/pages\/494","targetHints":{"allow":["GET"]}}],"collection":[{"href":"https:\/\/www.febab.org\/cbbu\/wp-json\/wp\/v2\/pages"}],"about":[{"href":"https:\/\/www.febab.org\/cbbu\/wp-json\/wp\/v2\/types\/page"}],"author":[{"embeddable":true,"href":"https:\/\/www.febab.org\/cbbu\/wp-json\/wp\/v2\/users\/2"}],"replies":[{"embeddable":true,"href":"https:\/\/www.febab.org\/cbbu\/wp-json\/wp\/v2\/comments?post=494"}],"version-history":[{"count":6,"href":"https:\/\/www.febab.org\/cbbu\/wp-json\/wp\/v2\/pages\/494\/revisions"}],"predecessor-version":[{"id":612,"href":"https:\/\/www.febab.org\/cbbu\/wp-json\/wp\/v2\/pages\/494\/revisions\/612"}],"wp:attachment":[{"href":"https:\/\/www.febab.org\/cbbu\/wp-json\/wp\/v2\/media?parent=494"}],"curies":[{"name":"wp","href":"https:\/\/api.w.org\/{rel}","templated":true}]}}