{"id":496,"date":"2018-10-25T13:38:35","date_gmt":"2018-10-25T16:38:35","guid":{"rendered":"http:\/\/www.febab.org\/cbbu\/?page_id=496"},"modified":"2019-05-24T08:39:10","modified_gmt":"2019-05-24T11:39:10","slug":"documentos-3","status":"publish","type":"page","link":"https:\/\/www.febab.org\/cbbu\/documentos-3\/","title":{"rendered":"Documentos"},"content":{"rendered":"<p><span style=\"color: #000000;\"><strong>PUBLICA\u00c7\u00d5ES:<\/strong><\/span><\/p>\n<p><span style=\"color: #000000;\"><a style=\"color: #000000;\" href=\"https:\/\/rbbd.febab.org\/rbbd\/article\/view\/1017\/885?fbclid=IwAR35Bz6X7-D-Z5R9kehXuJbIpqoVD2hxlP0_X9eYRXjFygSd_ySrX-N1srM\">https:\/\/rbbd.febab.org\/rbbd\/article\/view\/1017\/885?fbclid=IwAR35Bz6X7-D-Z5R9kehXuJbIpqoVD2hxlP0_X9eYRXjFygSd_ySrX-N1srM<\/a><\/span><\/p>\n<p><span style=\"color: #000000;\"><a style=\"color: #000000;\" href=\"https:\/\/rbbd.febab.org\/rbbd\/article\/view\/1017\">https:\/\/rbbd.febab.org\/rbbd\/article\/view\/1017<\/a><\/span><\/p>\n<p><span style=\"color: #000000;\"><a style=\"color: #000000;\" href=\"https:\/\/portal.febab.org\/anais\/article\/view\/1820\">https:\/\/portal.febab.org\/anais\/article\/view\/1820<\/a><\/span><\/p>\n<p><span style=\"color: #000000;\"><a style=\"color: #000000;\" href=\"https:\/\/www.youtube.com\/watch?v=Oa_k5AFAzU4\">https:\/\/www.youtube.com\/watch?v=Oa_k5AFAzU4<\/a><\/span><\/p>\n<p><span style=\"color: #000000;\"><a style=\"color: #000000;\" href=\"http:\/\/www.febab.org\/cbbu\/wp-content\/uploads\/2019\/04\/1820-1837-1-PB.pdf\">Grupo de Trabalho Livros Impressos, Comit\u00ea Brasileiro de Desenvolvimento de Cole\u00e7\u00f5es (CBDC) &#8211; CBBU\/FEBAB: impress\u00f5es e perspectivas.<\/a><\/span><\/p>\n<p><span style=\"color: #000000;\"><a style=\"color: #000000;\" href=\"http:\/\/www.febab.org\/cbbu\/wp-content\/uploads\/2019\/04\/1806-1823-1-PB-1.pdf\">Desenvolvendo Cole\u00e7\u00f5es em Coopera\u00e7\u00e3o: relato de experi\u00eancia do GT-Livros Impressos do Comit\u00ea Brasileiro de Desenvolvimento de Cole\u00e7\u00f5es (CBDC)<\/a>.<\/span><\/p>\n<p><span style=\"color: #000000;\"><a style=\"color: #000000;\" href=\"http:\/\/www.febab.org\/cbbu\/wp-content\/uploads\/2019\/04\/1017-3419-1-PB.pdf\">Desenvolvimento cole\u00e7\u00f5es em coopera\u00e7\u00e3o: relato de experi\u00eancia do GT livros impressos do comit\u00ea brasileiro de desenvolvimento de cole\u00e7\u00f5es (CBDC)<\/a><\/span><\/p>\n","protected":false},"excerpt":{"rendered":"<p>PUBLICA\u00c7\u00d5ES: https:\/\/rbbd.febab.org\/rbbd\/article\/view\/1017\/885?fbclid=IwAR35Bz6X7-D-Z5R9kehXuJbIpqoVD2hxlP0_X9eYRXjFygSd_ySrX-N1srM https:\/\/rbbd.febab.org\/rbbd\/article\/view\/1017 https:\/\/portal.febab.org\/anais\/article\/view\/1820 https:\/\/www.youtube.com\/watch?v=Oa_k5AFAzU4 Grupo de Trabalho Livros Impressos, Comit\u00ea Brasileiro de Desenvolvimento de Cole\u00e7\u00f5es (CBDC) &#8211; CBBU\/FEBAB: impress\u00f5es e perspectivas. Desenvolvendo Cole\u00e7\u00f5es em Coopera\u00e7\u00e3o: relato de experi\u00eancia do GT-Livros Impressos do Comit\u00ea Brasileiro de Desenvolvimento de Cole\u00e7\u00f5es (CBDC). <a href=\"https:\/\/www.febab.org\/cbbu\/documentos-3\/\"> Read more&#8230;<\/a><\/p>\n","protected":false},"author":2,"featured_media":0,"parent":0,"menu_order":0,"comment_status":"closed","ping_status":"closed","template":"","meta":{"footnotes":""},"class_list":["post-496","page","type-page","status-publish","hentry"],"_links":{"self":[{"href":"https:\/\/www.febab.org\/cbbu\/wp-json\/wp\/v2\/pages\/496","targetHints":{"allow":["GET"]}}],"collection":[{"href":"https:\/\/www.febab.org\/cbbu\/wp-json\/wp\/v2\/pages"}],"about":[{"href":"https:\/\/www.febab.org\/cbbu\/wp-json\/wp\/v2\/types\/page"}],"author":[{"embeddable":true,"href":"https:\/\/www.febab.org\/cbbu\/wp-json\/wp\/v2\/users\/2"}],"replies":[{"embeddable":true,"href":"https:\/\/www.febab.org\/cbbu\/wp-json\/wp\/v2\/comments?post=496"}],"version-history":[{"count":8,"href":"https:\/\/www.febab.org\/cbbu\/wp-json\/wp\/v2\/pages\/496\/revisions"}],"predecessor-version":[{"id":894,"href":"https:\/\/www.febab.org\/cbbu\/wp-json\/wp\/v2\/pages\/496\/revisions\/894"}],"wp:attachment":[{"href":"https:\/\/www.febab.org\/cbbu\/wp-json\/wp\/v2\/media?parent=496"}],"curies":[{"name":"wp","href":"https:\/\/api.w.org\/{rel}","templated":true}]}}