{"id":499,"date":"2018-10-25T13:38:36","date_gmt":"2018-10-25T16:38:36","guid":{"rendered":"http:\/\/www.febab.org\/cbbu\/?page_id=499"},"modified":"2019-01-19T04:49:43","modified_gmt":"2019-01-19T07:49:43","slug":"sobre-2","status":"publish","type":"page","link":"https:\/\/www.febab.org\/cbbu\/sobre-2\/","title":{"rendered":"Sobre"},"content":{"rendered":"<p>O CARE foi criado a partir da constata\u00e7\u00e3o da import\u00e2ncia das cole\u00e7\u00f5es raras e especiais existentes nas bibliotecas universit\u00e1rias brasileiras e da car\u00eancia de or\u00e7amentos, pol\u00edticas voltadas \u00e0 seguran\u00e7a e tratamento desses acervos e forma\u00e7\u00e3o acad\u00eamica especializada. Algumas bibliotecas universit\u00e1rias que tem em seus acervos cole\u00e7\u00f5es raras e especiais lidam com duas realidades distintas. Atender ao ensino, pesquisa e extens\u00e3o com cole\u00e7\u00f5es de livros atuais e serem mantenedoras de um acervo raro, na sua maioria herdado da \u00e9poca de suas cria\u00e7\u00f5es. Tem que administrar as diferentes demandas com um mesmo or\u00e7amento e recorrer, quando poss\u00edvel, a editais e verbas extra or\u00e7ament\u00e1rias.<br \/>\nA Comiss\u00e3o Brasileira de Bibliotecas Universit\u00e1rias- CBBU oficializou o comit\u00ea t\u00e9cnico a exemplo de outros, mediante a Portaria n.02, de 19 de outubro de 2017.<br \/>\nA renova\u00e7\u00e3o dos quadros de profissionais ocorrida nos \u00faltimos anos nas universidades vem deixando bem claro que ouve uma prefer\u00eancia pela forma\u00e7\u00e3o voltada para as tecnologias e para a produ\u00e7\u00e3o cient\u00edfica, em detrimento das t\u00e9cnicas voltadas para cole\u00e7\u00f5es especiais. Neste sentido, a educa\u00e7\u00e3o continuada visando a melhoria salarial e o interesse genu\u00edno de alguns profissionais nesta \u00e1rea demonstra uma excelente oportunidade para desenvolvermos um curso de especializa\u00e7\u00e3o em gest\u00e3o de Cole\u00e7\u00f5es Especiais e Raras das Bibliotecas das Institui\u00e7\u00f5es de Ensino Superior brasileiras.<\/p>\n","protected":false},"excerpt":{"rendered":"<p>O CARE foi criado a partir da constata\u00e7\u00e3o da import\u00e2ncia das cole\u00e7\u00f5es raras e especiais existentes nas bibliotecas universit\u00e1rias brasileiras e da car\u00eancia de or\u00e7amentos, pol\u00edticas voltadas \u00e0 seguran\u00e7a e tratamento desses acervos e forma\u00e7\u00e3o acad\u00eamica especializada. Algumas bibliotecas universit\u00e1rias <a href=\"https:\/\/www.febab.org\/cbbu\/sobre-2\/\"> Read more&#8230;<\/a><\/p>\n","protected":false},"author":2,"featured_media":0,"parent":0,"menu_order":0,"comment_status":"closed","ping_status":"closed","template":"","meta":{"footnotes":""},"class_list":["post-499","page","type-page","status-publish","hentry"],"_links":{"self":[{"href":"https:\/\/www.febab.org\/cbbu\/wp-json\/wp\/v2\/pages\/499","targetHints":{"allow":["GET"]}}],"collection":[{"href":"https:\/\/www.febab.org\/cbbu\/wp-json\/wp\/v2\/pages"}],"about":[{"href":"https:\/\/www.febab.org\/cbbu\/wp-json\/wp\/v2\/types\/page"}],"author":[{"embeddable":true,"href":"https:\/\/www.febab.org\/cbbu\/wp-json\/wp\/v2\/users\/2"}],"replies":[{"embeddable":true,"href":"https:\/\/www.febab.org\/cbbu\/wp-json\/wp\/v2\/comments?post=499"}],"version-history":[{"count":3,"href":"https:\/\/www.febab.org\/cbbu\/wp-json\/wp\/v2\/pages\/499\/revisions"}],"predecessor-version":[{"id":552,"href":"https:\/\/www.febab.org\/cbbu\/wp-json\/wp\/v2\/pages\/499\/revisions\/552"}],"wp:attachment":[{"href":"https:\/\/www.febab.org\/cbbu\/wp-json\/wp\/v2\/media?parent=499"}],"curies":[{"name":"wp","href":"https:\/\/api.w.org\/{rel}","templated":true}]}}