{"id":502,"date":"2018-10-25T13:38:37","date_gmt":"2018-10-25T16:38:37","guid":{"rendered":"http:\/\/www.febab.org\/cbbu\/?page_id=502"},"modified":"2019-05-24T08:53:46","modified_gmt":"2019-05-24T11:53:46","slug":"eventos-2","status":"publish","type":"page","link":"https:\/\/www.febab.org\/cbbu\/eventos-2\/","title":{"rendered":"Eventos"},"content":{"rendered":"\t\t<div data-elementor-type=\"wp-post\" data-elementor-id=\"502\" class=\"elementor elementor-502\">\n\t\t\t\t\t\t<section class=\"elementor-section elementor-top-section elementor-element elementor-element-7061f26b elementor-section-boxed elementor-section-height-default elementor-section-height-default\" data-id=\"7061f26b\" data-element_type=\"section\" data-e-type=\"section\">\n\t\t\t\t\t\t<div class=\"elementor-container elementor-column-gap-default\">\n\t\t\t\t\t<div class=\"elementor-column elementor-col-100 elementor-top-column elementor-element elementor-element-215643b5\" data-id=\"215643b5\" data-element_type=\"column\" data-e-type=\"column\">\n\t\t\t<div class=\"elementor-widget-wrap elementor-element-populated\">\n\t\t\t\t\t\t<div class=\"elementor-element elementor-element-5ef26e76 elementor-widget elementor-widget-text-editor\" data-id=\"5ef26e76\" data-element_type=\"widget\" data-e-type=\"widget\" data-widget_type=\"text-editor.default\">\n\t\t\t\t<div class=\"elementor-widget-container\">\n\t\t\t\t\t\t\t\t\t<strong>I F\u00f3rum sobre Livros Raros e Cole\u00e7\u00f5es Especiais em Bibliotecas Universit\u00e1rias.<\/strong>\n\nRealizado em 18 de abril de 2018, em Salvador durante o XX SNBU. O CARE realizou o F\u00f3rum sobre Livros raros e Cole\u00e7\u00f5es Especiais em Bibliotecas Universit\u00e1rias durante o XX Semin\u00e1rio Nacional de bibliotecas Universit\u00e1rias (SNBU), em abril de 2018, na cidade de Salvador, na sede do Instituto Geogr\u00e1fico e Hist\u00f3rico da Bahia. Foram convidados os professores Ana Virginia Pinheiro, Simone Wetzel e Andr\u00e9 Vieira Freitas de Ara\u00fajo que abordaram conceitos, caracter\u00edsticas, necessidade de defini\u00e7\u00e3o de pol\u00edticas, diretrizes e contribu\u00edram com sugest\u00f5es de tratamento e preserva\u00e7\u00e3o das cole\u00e7\u00f5es raras e especiais. Foi tamb\u00e9m debatida a necessidade de haver mais incentivo na forma\u00e7\u00e3o de profissional especializado, desde sua gradua\u00e7\u00e3o. Como a\u00e7\u00f5es propostas nesse F\u00f3rum destacou-se um levantamento das cole\u00e7\u00f5es raras e especiais existentes nas bibliotecas universit\u00e1rias brasileiras, acervos, condi\u00e7\u00f5es f\u00edsicas, tratamento t\u00e9cnico, seguran\u00e7a, or\u00e7amentos, pol\u00edticas.\n\n&nbsp;\n\n<a href=\"http:\/\/www.febab.org\/cbbu\/wp-content\/uploads\/2019\/03\/Relat\u00f3rio-Forum-CRE-I-CARE.pdf\">Relat\u00f3rio F\u00f3rum CRE I &#8211; CARE<\/a>\n\n&nbsp;\n\n<img fetchpriority=\"high\" decoding=\"async\" class=\"\" src=\"https:\/\/lh3.googleusercontent.com\/WawCzOdGMpHVMqmYipPW6ZNx6YFx_YvY6qm8RNNufWXAHFfBhIPgHYgybuQImPwm2RvsDV2OHwyZ4p1-2X9uhCfnTVK7bUpmTp_ZdXdYGCsqTj90aBe7Y7nNbDSPa00L2R_cmISnIfW0WQPHNhESVOIRAJXaxsyh3YDeEsUG3qhyfpTcfzA8Pp0BJqir3Q6H2rArcyVX8a0aUwlo_nvCOk3Q81XqyoBGOv_D5G7cGxvsSkaXRWAKZJBNRrXIns7P3w4t0VYWowU6L8MZ41vL2MyiVYPfzEwW3dpa0iBgcbAK63d8ddoheViTv6NUduqnQfCKIWdB35Jh-knNahd8nnB-DAOhAxjJ5GCoxAMkkfL5L3VWzADPqX8z8janFd5oh0UNfopl_A3pIA3I0DYy_adKUtghvRLr2oL62JV7A2zEBqCg58bs0D_MYeWjShSgk0tICB6YODJNqCMY7EppexzJQj_qizDcLzjE2w0r6O1_QodikrI00uIHLS49H6_szjH5om0H0rO_5Lq_EC8rMkqqXqHRMZ-hQY0xqtacx8kgc5-MnnADYu2pGYuELflHXHKODljDmEP8b68MUefaqrqOl_Atyz2ntKhRFWz2QJeIahoB2P7NISs7voPEZIHhRpZFL4_4HwLwYVzhHDDcCJi2lhkGYwDznxagnjUB5kfNyAq-XYFNlP3RRQrLL-EjL4Got3jZXg4ya_xwDU8=w876-h657-no\" width=\"987\" height=\"740\">\n\n<img decoding=\"async\" src=\"https:\/\/lh3.googleusercontent.com\/Aa6IYm4-vfnIe_lkyDRLf6LHVFs3Evwj3FkITBYcrsgxFLoNH8NLnrC01H6lNgtZfhq3Uxpi03jzBsucvp8N02Ys7sbt8pSyS7Wip5IN3wHN4unvWLZWh8CsEpcZOD6b6Nt4BXGCFh9JkO-SvWjFaJ2fXxXhxUzH_YDZFgl_JS0RW8Hjc9c7GlcPEpc5ZBdYkkmEBLLCJGA0yrqzeuoCHsdmL8BUoPTO2meJfBf5Adjp-V9Unc5r9PcuNXiz5KimoFR6bQlG6UOaKmfNGIAOWF_xgzr3kiL3seQouY3qyxtMkqO-mIczjVyn_nuN5w82DegG9AulPFVvlWxIBY19VhM6T_Fcaa9mv8MZUX7pbpk3-UkKECzMc6GwOjGeRpIp188Gtcn_sSKdO8xCU2Qxz056AwdMCEpCfhJnCFq0WIxjCbapQlRhLqYnhYkl7-GFrOl628r4hej81EhwxDs-lN-nBxS_c2YCTlHZ9vf6Tx376pbeDI39vxhrKBeFn3mECcK_4lEHgSbnetb92VNs76MNffqFEf2r0DGYvhqhKWsU2WKKgcPsaaMasIxY0XHrTL_Jn8hUlB98qN2hU7rErbDer-NYp6i8NMQoD1wLdiHrJzVEwx0PqMCd8BMqK463blhzjD8MWDKXqM7zY0gHAksFGLl6y2fUNELyf5Ts16qo-MnSfypQY26tANQSgNIiLY8NI_nc8J0l6cMKFoc=w1168-h657-no\">\n\n<img decoding=\"async\" src=\"https:\/\/lh3.googleusercontent.com\/T8toLXwE7eI7lJriYE7P4wU-ckUWp69JsC5BG_gkPpnvHwOug5XIHdVoWwVnb42VkBAo9rH7ABxn8bag-nmL_Btu9vf0dAeHlOI45Hq_fAuk5ecrpeGhnSshlpw4pa0Pz-E5w_zimmnYOwzyzD2OEmgA_fWIFG5Cvej3P8I13F-uQ43bX7UBN5R3-8By-NlAKGxIEat6cIDbYYume65xVNKHfbQ8uNGqH8BJTnryccGpDHOvH8XJn2An-7pYneFb8uhZqFoQ_4PsfDvrI-XX_1YgNmDErw_awuXcpKziZHce0SIxEbfHg9LaKoBq2WNf_a0af2K5CoUGjAeh3WBlesBNnMFJ-cXWHxuajYs25IlUZQz1VjYDChSG74n4USaQ5CSreAZUBENSzyRQHaRGMo8TeCQCbqeI1OcRGqogSkUwr5Kb_c-riwBPCGp7VYzkPaL8Cw-iAYhmNTu4yrfMRk5dVKn8GqX-fnIdl27tF_mBXe_jCOwZvslQbrlD3dmpq8pZvWx6GTe7fRbyPuDH2ISf7TE7_olBxPr4revD7iqj9Qjfq7Bp8Kd7WsJ0UgAJoG6E8Y5AMoC3yUrK2iF2g1MyMIqzfgqco9zkENfWpE47GFjJCo_L5ngEbTz5QrtsSpbzq0ndj9dy8t67J0LqS0U50FTL4gkFR7T6Yj3U6Twk3wz5Z5PQbFR-mtHxKTpBj_vRk1Y0e63MlQTpBf4=w1168-h657-no\">\n\n<img decoding=\"async\" src=\"https:\/\/lh3.googleusercontent.com\/PCKhMxEEBa9DqBErGpqouEVuu-AX8dBKnFkQxIGZBiOgATNTt7cVgyvN9j8LomKS1AaTFS5w63PtMuFX2oBeNXmxN4fv2Smp80C39gqi2y3zC5UjfpoRI_7psS2KePR2n3ttdEjq-o7cUFtd1PbH77a4zIETXbLDNsMjopPf8R5YaAtBDSziAY3Q4_VGhP5XkY2ZKXRBuhZuSEf3a9cZZUcLediC5MO03MV6S9x4ihjGk2woq-rFuEFNcJMzNnjeWCfsyes0LxFUEWDjiODjTlCPjbnJT3YZeM8JTtffQmO0FHRK9teLXeJMW6_4KjSABpgJFc-6wxWlXacubBgiiyYlqvwd0E1fejQaAlnZl6mJBdTx4v6slm91i9AWMRNIQVrsp8WRUagN5vxhDHbZ6_187tK9Xm3AYTEdwSnsZpeyxcbqgb2n8deSbRMM0rl_GXq2QluTkNl05kb4q4b7Rok_qNAW3WOFoy06by6iCFBkLCwtW2GQjGjVPDHwccSOLhysxJXn05IB2gnpFscTPfp_Dk2Lxemz5an3YfyK7Eg0lRVBXp73tvznvVp_eIWPiHgU1zqJwkp_1IJFiWldjPXVkUI-QifzbftaMEzIj9-HhIeqG1yRXUw3IqX11yUgFBCAb04NgOToUrpHXXOCNMKTciVS85-Z0yvpnGPDu2EGLordDny1GSvyEYqhh050pdKU8PVepQNjyWcXpn4=w1168-h657-no\">\n\n<img decoding=\"async\" src=\"https:\/\/lh3.googleusercontent.com\/usvIxWBFqVmShHC2hQFq9zI05Tvkkz6R3PfIm3sn9MB5ojZzGUmblmaG9WU0VU1xCiAkBCVzErVLKIROCWZQlUsRDAFlF_ueOQmXWRodtRyuboZmExaxvCfhYzJnX4-kDVWNRP7UK-aMfNXpDxl0Dq82gZViUcTWK2-XirLQGaOvb8HXaMWGvFdtbddHDoUnSjpNwumT5UsYQc0rMrChSK-i3LntredxzL6SdJec85-NU_S7vowmSZTKQcUCqNNMlJiTXDD3S7p0wUUHtXUcvlxw8GxInvMOq_SWcu1iPwv-OAQBo4hdgNmKzLtQSWxd6nn3sez-X55maerHVfgRoDfwlVXi8xtEDhlh4Xz19bSTc16bj3MpsMgve1N8rzKy7QsX6PFlCP7GfcVr93awxkVuBg9l9Se_vvNVEImCAKwT_wC8SsMXhmWRDPaiWvDVcaaXIEvjbGLqgPN0g-XRtvLeMHMqRUITe_MjU0UqYBh6D-Mcuel8EAamFz686WzLmN4Hb4LOW1OozViD4VcFvlLUejjQryiB6I1QXbNjcxDTYeUsKUByqG9f1sfotOICVWSdrAmFuZGlkWTz57NlhI2jd-Gf34e63birkUpKFXDpHKf2H1KwK6TcNf6PHkkWyyfO6s8WCkSYrLWcIk-FQp3oUIeJ8AVPbaY4z5hYXlzsboGeXZAGzcnugIUSpH6keldhmDOk1XggC1cBuUA=w1168-h657-no\">\n\n<img decoding=\"async\" src=\"https:\/\/lh3.googleusercontent.com\/FESc7ujoMRyG1ZkkTl2AgZxleupnLT5ArKjZLZ57zXjRW-DUC8ZqTLp2A6ABvp92cMvUD5Y4Hbwsh6whj-IpRILEnL32dSOU_FT1MpwaZictKQJc1tPVMF8GEyQlIBpKgQkp0ljCNlvr36r94Yut0HY0AoXsCJJmZ0rCEx7J9tx1hjclFEcxmqM2F02_qPqtfj_94y4WlP6Hmiga4h9QBi2pCu9HfbslabGrKyJ3wDaeBiSlo2aHh2FyE-F7xVZxjZLFY3urarc6g5G6vqPU46LI-XnysoQOzdB3ClS86reiNdR_LBvT0YaPyWFxtIJKKmwmaZ6Lp61-yygckl5HkYjrAw_sIM9h40knwdCoOc8ptVh-n1HalWHSTvKNDIHjCUH4dha0g4-IR49x0Nf89T8XjZ4zf1Z9lw11mnKgtH7UF8vM8tNoLC4L2E6deSwyk2aTKYQUsGPM8v44UF6_Ow1mkhigrhWSVN_qnzY9lOyh3k5cD65sui6SuS-RaZ37gxSxYowwveORdkJ4h_3ncgZ1WJ809AEaENuJ6xCC-2Jdir-uj2q0SmlLZ_s7iWM_VIc49QgZVJD-DCjbNwO6heFclnBfsBdftanK06iBFCvEkb2LSEKiZa8PRImT-hD-XdObklieSbn46H4g__wZJVuDGLSn4hVKixBR0qfqBX-lcC7R_BGykhHrSvUtSCn-l_OqOZXdNb37-dCuYGk=w1168-h657-no\">\n\n<img decoding=\"async\" src=\"https:\/\/lh3.googleusercontent.com\/0TTNzSV_IJsu7S9FisGeYxu-pQuOyatE2TaU5zhhCBCo1swIObuFdSxsn90WNfOh9ORW3pV8fZUNFmQ3gT5xUQq3v_CY1k8_6N2QG5VMkD8YZBqo9tSmFQoUYQ809YANkkiqxmk0Wyd4qrk80Dz8qfg8NumDCwsCb8vbQNPuAuznIe8SbSMot-qRXUStMsoAf7z7K33Cm4qFkSelZZTvx-XWo6-BDsbZjPvG6-3vzLA_-EsYyZOCcCt__J5KWd8OydnCAKzEx9gt7BpINiw8RCx_PB3DZ1nk-bwhqGq9jMg-MAcwvhUFDeAOPc-X8I6rtTlTCdop4lTQsU5PUUP0D6qGX9SRMybg1oEYXe2FoIjHhhzZaJZJXL4yAXdpPIwBch9-Z9zqIFcqZmgIqNVeI9tyAGBiKBNmfhyE1M_5o26TRGESGb9SgAODjhQYhxHQB5IAd0-nLPUtPn-5EeKvyQhfQK_7qkSm7hIHr978aWtwiJqXScyU4QvW0KGRkge3naFar-egyBB9yTsGRoWsN-UTpPpT0iS4F-NlztQ59nkgQFLGIhj8zEU-Adxn-hGtVvev72_mtdoDmBkMCeBTC-tHHWTOE2nvEtMkKCHSu3yatzMNTm52LP2RI3IdwMF9wzOn3e8DhlVQ2Mj7k5lHVuL8gFKFB3s-EBTmvfANmOe-1cwTB-ANUpvhJu52rua_2r7lhrO6BXhZHRziTA0=w1168-h657-no\">\n\n<img decoding=\"async\" src=\"https:\/\/lh3.googleusercontent.com\/YhQZE5hiaQIAWrDSM8H_qz1UsYYx9o1buaKs1rBU7gUzXt-XLMb9UGR6T6G0lBXVvWyr-B2Yovc9AIPTREv6hcMX6lbTxNxf4KhQ0MRke5zxrS7bvC5q8_fSrhtx2tEjvHoS7-nNq9t95JrsQlkfIX8By7Njg3X_GGDFxQwWNV3SihwF6HxPcIkhxrvxJxNxUUB0k2Td-wdTlnNGrNYGnJ9uYyOD100fnw4RMQ48fSAGZ-snUydiXYtrD3Os_i2zXjdGP8dA95G5ae8SrmFQXnulZ837D-8KcKmRs6kqSJCmm0PlAhMeYVo8WEakqUuvAnzufdaOgj2KVuQNpTqFcnxsszn_vjNoAELd2mIi7CsSny1cp0kDeyzyfYC5r2phDU3kb8FywrosSf9C9eHlL5PTnlof60GOCVUNUG_aut4Q90viKH5dkXFbgiQT4r1Jr47VWfiwNdEVPTX95wOeDHJUHPg09IK3dVFZy51VlZSWKsA4kXLkhrrbD03C89FYYTQSGrLnMFY7woGgI6sqCqkuhCswx5jiL123Qd_ZIeAd13SdqjmLfoNQE44OeAAJmduk8kuCX_aKEUd09Xkov_ZpqVdmfKcWVpuNvfRBgmhajv0YzijG2dZO_dvOc09QYRbOigaGArQ2FsD2rFJXYZTv2KGTNJ66MTkw5IPWAnI77eCcAgqldO28U_k-XEznh7_lMNhGlk6f5zva7MY=w1168-h657-no\">\n\n<img decoding=\"async\" src=\"https:\/\/lh3.googleusercontent.com\/Y3kehbbFa32W1QKeG_Kyr0WvD8ETNULz-y1m0xFWEuBJ3e-bd_MPndD253kzcHAaCAMPXdCmIcKnCFXUhlQq5MFWhtbMzBkkFdAUPRabBxkWIptVHE5EEezSbhhnwUYaFkKURlcprfO-Di6h0lMV_GMvDP539cf6KmmVsgQTHqxzLyzqtQ87q1-T4We1sXDUlQ0nNhTtmzr80ytiK6DwFm9h9l5EyKLoqYsbYqXhumrBMKk3RkACDol3HL6l3mZVwEsTj-w_-R9_qqT_UJpJDtSvqg6NnswBH4e42sk340mltZn0j3c8E_z5Jk468ti6Int4r0nOLPp9absGav3H-i7t9SzPSw4rHuC6xrMK8MD0ke92oDlEUD_utzmPwPv60xQ8LzNAUr3YdWkSClDkXRXRLLqTY9ZJ2AqtidRFrcjf1jcI4q1rS3ihYkllV9YyX1TsRpSR5bfgtEGo9O3L0mPlgzAMRIqG3hYTe2SkRKvBLve1nLabkDIkU5gL0Q3o07XX1q1n117O2JUlqO_c243PFwUH2jSt-r0kpVxmqBYDSLbTtIIylL9Iq3lU2sEvCpA3aVYZNzRExWOkWLxmNcvOP6HyKyykV7bffjkhbZVrFSZXq36kXm9TTowPe-AuRM713Whm3w5K8xzEFxuh1iNrnxr0LoBZrDJG9-2nO3hXnFzPW8b1p4qUlHZnQ4aVzgvFOdmLWXOL7qTw5tQ=w1168-h657-no\">\n\n<img decoding=\"async\" src=\"https:\/\/lh3.googleusercontent.com\/NeGXz0hb3IFtWOGtTnM4ACnnmzZZhNw3RuP2hx_iHOdPWDMgvX2uY9sTWkoFMinNTZh1E9Zxjpkmoo4SWAzRugTVoPeepcEYmMtRpcfnjucViQrzh3l9Tr5kkZwp6yT3Ov7g3vLTF9aA-x7LFKkCNMPdo8GD0EO1Zex4r8g86hRJLjLCbtVbiwc1W8Dmr7v5ZndijCLcXGpE5kItAnRfBcJf-qYfthBDKCTNnB6zndslwasbsYvy3m5QxXXvVJNltRxszpD210xrCRgY0r4msA9jbu91CkPrFJ1xRmiWg1Za-o0W9gai1vVCuReWxXnB8PNt7Lg5cikCIrL8ivtUEjiOEh3MKK9ZY2sUO3gfneStoWOH4IiSrAXizQ1khvbcA3kA3WIhkCWsgnFaTMMHkjP9iWb0CAYkJRiD0S9KeWN6fzoqkz6QapUy5oRh5mXWcURUAypwUhKLjlKiGxYVx_oCLavxMM6z0wzevLWKeVrldvaSyo8EBKxVF0LqYSB5J-CnsgJmgPjmfgizuKqp8xVKrOLzy19MMB5HAhoraoHyuF9KU2z1ZOKcmyyGkOPp0iel4-4H2qSCoeLKjm9KcVpyOMhQTQPbM-SOCC90_PQhPxaQdk12r8A-oYWE00TuybPqJO7FO4-0LGZps_g8hpFvlBI_TKu8tB4Q7vzGWIB8YTrMHVHkG0LTg4Ti4hCi1oERvL6U5mkzIRWlNok=w1168-h657-no\">\n\n<img decoding=\"async\" src=\"https:\/\/lh3.googleusercontent.com\/B8gYeVPtlW0mLXs9NWDTN0W_4Tn264EHR6Nuoo5iU3xs9KwTjB_dFQxBMBH9ncQP8RknBHpyR5AV-hPMFMjcLXDtLbXMccmQt_dniugcicRSveA3ymie9ejdIaZ8sjxYGF8E4NxSMuT17sSTfc65-ZSk6FXdfLPB4dRpr3o6EAGuJblSIWog_yN3WfVO8MlAAdyCF6nSnKrvG9LjRp94LfCeQU6tDxBcb9-KfgJYY7lmSYofW6UYaiZOGgcsT1fZMEmy1gv3LQwfZmG-dkGLLMu40txxqxN7wKI6uTdYC6Fvc-g2joSn631UZbQWCbkrIEESJEYelQFEuS1y8OSm1K9d4wTzkQZo6uyJ_fCNUhSRbpLwyxXkRuw1knA7_nzb296AG-WVR2fIrqoit0hS5O4gzP2hzgAO2ZSU-FmRC4xQhrG0CrfqQMAu5MTcSGC0j6uKwT0MiTCd3h40TckWSdKc2y6eJx3ek3ma8uzJ9RfC6BVVk7AS0ELkUSKbfF4rR343Ua8dAzePbC8zRQy0UX8i3xZNlizJX6Uhexhe0IFb8sJSEXXInAYUgql-3EVaZgaNjQg64zIAJNFyxN-7M7Q7_8xJyH2movla0-wg5OlhXZh_HnIDkClrInq-huaMTKQXCBQkKIFjiko9hOF-YKHdaQkbsPIEx8sr27ww5xgP_DMOZs2T-5od6oarZpSgd87DDQqzL5bbgiJwUeI=w1168-h657-no\">\n\n&nbsp;\n\n&nbsp;\n\n&nbsp;\t\t\t\t\t\t\t\t<\/div>\n\t\t\t\t<\/div>\n\t\t\t\t\t<\/div>\n\t\t<\/div>\n\t\t\t\t\t<\/div>\n\t\t<\/section>\n\t\t\t\t<\/div>\n\t\t","protected":false},"excerpt":{"rendered":"<p>I F\u00f3rum sobre Livros Raros e Cole\u00e7\u00f5es Especiais em Bibliotecas Universit\u00e1rias. Realizado em 18 de abril de 2018, em Salvador durante o XX SNBU. O CARE realizou o F\u00f3rum sobre Livros raros e Cole\u00e7\u00f5es Especiais em Bibliotecas Universit\u00e1rias durante o <a href=\"https:\/\/www.febab.org\/cbbu\/eventos-2\/\"> Read more&#8230;<\/a><\/p>\n","protected":false},"author":2,"featured_media":0,"parent":0,"menu_order":0,"comment_status":"closed","ping_status":"closed","template":"","meta":{"footnotes":""},"class_list":["post-502","page","type-page","status-publish","hentry"],"_links":{"self":[{"href":"https:\/\/www.febab.org\/cbbu\/wp-json\/wp\/v2\/pages\/502","targetHints":{"allow":["GET"]}}],"collection":[{"href":"https:\/\/www.febab.org\/cbbu\/wp-json\/wp\/v2\/pages"}],"about":[{"href":"https:\/\/www.febab.org\/cbbu\/wp-json\/wp\/v2\/types\/page"}],"author":[{"embeddable":true,"href":"https:\/\/www.febab.org\/cbbu\/wp-json\/wp\/v2\/users\/2"}],"replies":[{"embeddable":true,"href":"https:\/\/www.febab.org\/cbbu\/wp-json\/wp\/v2\/comments?post=502"}],"version-history":[{"count":7,"href":"https:\/\/www.febab.org\/cbbu\/wp-json\/wp\/v2\/pages\/502\/revisions"}],"predecessor-version":[{"id":901,"href":"https:\/\/www.febab.org\/cbbu\/wp-json\/wp\/v2\/pages\/502\/revisions\/901"}],"wp:attachment":[{"href":"https:\/\/www.febab.org\/cbbu\/wp-json\/wp\/v2\/media?parent=502"}],"curies":[{"name":"wp","href":"https:\/\/api.w.org\/{rel}","templated":true}]}}