{"id":556,"date":"2019-01-19T04:59:55","date_gmt":"2019-01-19T07:59:55","guid":{"rendered":"http:\/\/www.febab.org\/cbbu\/?page_id=556"},"modified":"2019-01-19T05:16:55","modified_gmt":"2019-01-19T08:16:55","slug":"plano-de-acao","status":"publish","type":"page","link":"https:\/\/www.febab.org\/cbbu\/plano-de-acao\/","title":{"rendered":"Plano de A\u00e7\u00e3o"},"content":{"rendered":"<p><strong>PLANO DE A\u00c7\u00c3O:<\/strong><br \/>\nO objetivo geral do CARE \u00e9 o de acompanhar a gest\u00e3o dos acervos raros e especiais das bibliotecas universit\u00e1rias e tem por objetivos espec\u00edficos:<\/p>\n<p><strong>1 &#8211;<\/strong>\u00a0Criar o Cat\u00e1logo Coletivo Nacional de Obras Raras e Especiais das bibliotecas universit\u00e1rias;<br \/>\n<strong>2 &#8211;<\/strong> Buscar uma aproxima\u00e7\u00e3o com o Plano Nacional de Recupera\u00e7\u00e3o de Obras Raras \u2013 PLANOR visando ampliar a participa\u00e7\u00e3o das bibliotecas universit\u00e1rias nesse coletivo e inclus\u00e3o desse item no Relat\u00f3rio do MEC, buscado fortalecer o programa;<br \/>\n<strong>3 \u2013<\/strong> Desenvolver metodologias para serem aplicadas nos acervos de livros raros e cole\u00e7\u00f5es especiais das bibliotecas universit\u00e1rias;<br \/>\n<strong>4 \u2013<\/strong> Criar o Cat\u00e1logo Nacional de Obras Raras cole\u00e7\u00f5es especiais Furtadas Brasil;<br \/>\n<strong>5 &#8211;<\/strong> Organizar o F\u00f3rum sobre Cole\u00e7\u00f5es Raras e Especiais;<br \/>\n<strong>6 &#8211;<\/strong> Organizar e promover um Curso de Especializa\u00e7\u00e3o em Gest\u00e3o de Cole\u00e7\u00f5es Raras e Especiais;<br \/>\n<strong>7 \u2013<\/strong> Oferecer curso de Cataloga\u00e7\u00e3o de Obras Raras;<br \/>\n<strong>8 \u2013<\/strong> Definir uma pol\u00edtica de tratamento t\u00e9cnico e de seguran\u00e7a para os acervos bibliogr\u00e1ficos raros das Bibliotecas Universit\u00e1rias;<br \/>\n<strong>9 \u2013<\/strong> Construir uma normativa para seguran\u00e7a de acervos raros que pode ser adotada e adaptada pelas bibliotecas universit\u00e1rias.<\/p>\n","protected":false},"excerpt":{"rendered":"<p>PLANO DE A\u00c7\u00c3O: O objetivo geral do CARE \u00e9 o de acompanhar a gest\u00e3o dos acervos raros e especiais das bibliotecas universit\u00e1rias e tem por objetivos espec\u00edficos: 1 &#8211;\u00a0Criar o Cat\u00e1logo Coletivo Nacional de Obras Raras e Especiais das bibliotecas <a href=\"https:\/\/www.febab.org\/cbbu\/plano-de-acao\/\"> Read more&#8230;<\/a><\/p>\n","protected":false},"author":2,"featured_media":0,"parent":0,"menu_order":0,"comment_status":"closed","ping_status":"closed","template":"","meta":{"footnotes":""},"class_list":["post-556","page","type-page","status-publish","hentry"],"_links":{"self":[{"href":"https:\/\/www.febab.org\/cbbu\/wp-json\/wp\/v2\/pages\/556","targetHints":{"allow":["GET"]}}],"collection":[{"href":"https:\/\/www.febab.org\/cbbu\/wp-json\/wp\/v2\/pages"}],"about":[{"href":"https:\/\/www.febab.org\/cbbu\/wp-json\/wp\/v2\/types\/page"}],"author":[{"embeddable":true,"href":"https:\/\/www.febab.org\/cbbu\/wp-json\/wp\/v2\/users\/2"}],"replies":[{"embeddable":true,"href":"https:\/\/www.febab.org\/cbbu\/wp-json\/wp\/v2\/comments?post=556"}],"version-history":[{"count":2,"href":"https:\/\/www.febab.org\/cbbu\/wp-json\/wp\/v2\/pages\/556\/revisions"}],"predecessor-version":[{"id":569,"href":"https:\/\/www.febab.org\/cbbu\/wp-json\/wp\/v2\/pages\/556\/revisions\/569"}],"wp:attachment":[{"href":"https:\/\/www.febab.org\/cbbu\/wp-json\/wp\/v2\/media?parent=556"}],"curies":[{"name":"wp","href":"https:\/\/api.w.org\/{rel}","templated":true}]}}