{"id":584,"date":"2019-03-19T13:43:02","date_gmt":"2019-03-19T16:43:02","guid":{"rendered":"http:\/\/www.febab.org\/cbbu\/?page_id=584"},"modified":"2019-05-24T09:13:23","modified_gmt":"2019-05-24T12:13:23","slug":"reviu","status":"publish","type":"page","link":"https:\/\/www.febab.org\/cbbu\/reviu\/","title":{"rendered":"RevIU"},"content":{"rendered":"<div>\n<p>A RevIU foi lan\u00e7ada em 2010, ocorrendo uma interrup\u00e7\u00e3o na sua publica\u00e7\u00e3o. A gest\u00e3o 2018-2020 da CBBU incluiu no seu Plano de Gest\u00e3o, a retomada da revista, agora na plataforma OJS, sendo o primeiro fasc\u00edculo de 2010 inclu\u00eddo nesta plataforma.<\/p>\n<\/div>\n<p><em><strong><span style=\"color: #000000;\"><a style=\"color: #000000;\" href=\"http:\/\/reviu.febab.org\/index.php\/reviu\" target=\"_blank\" rel=\"noopener noreferrer\" data-saferedirecturl=\"https:\/\/www.google.com\/url?q=http:\/\/reviu.febab.org\/index.php\/reviu&amp;source=gmail&amp;ust=1554310981544000&amp;usg=AFQjCNEfKT9wZLd67wlvERD4iyVqBVtRSQ\">http:\/\/reviu.febab.org\/<wbr \/>index.php\/reviu<\/a><\/span><\/strong><\/em><\/p>\n","protected":false},"excerpt":{"rendered":"<p>A RevIU foi lan\u00e7ada em 2010, ocorrendo uma interrup\u00e7\u00e3o na sua publica\u00e7\u00e3o. A gest\u00e3o 2018-2020 da CBBU incluiu no seu Plano de Gest\u00e3o, a retomada da revista, agora na plataforma OJS, sendo o primeiro fasc\u00edculo de 2010 inclu\u00eddo nesta plataforma. <a href=\"https:\/\/www.febab.org\/cbbu\/reviu\/\"> Read more&#8230;<\/a><\/p>\n","protected":false},"author":2,"featured_media":0,"parent":0,"menu_order":0,"comment_status":"closed","ping_status":"closed","template":"","meta":{"footnotes":""},"class_list":["post-584","page","type-page","status-publish","hentry"],"_links":{"self":[{"href":"https:\/\/www.febab.org\/cbbu\/wp-json\/wp\/v2\/pages\/584","targetHints":{"allow":["GET"]}}],"collection":[{"href":"https:\/\/www.febab.org\/cbbu\/wp-json\/wp\/v2\/pages"}],"about":[{"href":"https:\/\/www.febab.org\/cbbu\/wp-json\/wp\/v2\/types\/page"}],"author":[{"embeddable":true,"href":"https:\/\/www.febab.org\/cbbu\/wp-json\/wp\/v2\/users\/2"}],"replies":[{"embeddable":true,"href":"https:\/\/www.febab.org\/cbbu\/wp-json\/wp\/v2\/comments?post=584"}],"version-history":[{"count":4,"href":"https:\/\/www.febab.org\/cbbu\/wp-json\/wp\/v2\/pages\/584\/revisions"}],"predecessor-version":[{"id":913,"href":"https:\/\/www.febab.org\/cbbu\/wp-json\/wp\/v2\/pages\/584\/revisions\/913"}],"wp:attachment":[{"href":"https:\/\/www.febab.org\/cbbu\/wp-json\/wp\/v2\/media?parent=584"}],"curies":[{"name":"wp","href":"https:\/\/api.w.org\/{rel}","templated":true}]}}