{"id":649,"date":"2019-04-02T15:09:42","date_gmt":"2019-04-02T18:09:42","guid":{"rendered":"http:\/\/www.febab.org\/cbbu\/?page_id=649"},"modified":"2019-04-02T15:14:16","modified_gmt":"2019-04-02T18:14:16","slug":"justificativa","status":"publish","type":"page","link":"https:\/\/www.febab.org\/cbbu\/justificativa\/","title":{"rendered":"Justificativa"},"content":{"rendered":"<p>As mudan\u00e7as tecnol\u00f3gicas e educacionais s\u00e3o cont\u00ednuas e v\u00eam afetando de diferentes formas o ambiente organizacional e pol\u00edtico das bibliotecas universit\u00e1rias.\u00a0 No epicentro da revolu\u00e7\u00e3o tecnol\u00f3gica, as bibliotecas universit\u00e1rias cada vez mais precisam considerar sua organiza\u00e7\u00e3o e seus processos, de um ponto de vista multidimensional, passando a adotar novos modelos de gest\u00e3o e amplificar sua atua\u00e7\u00e3o, participando dos processos educacionais, transformando-se em espa\u00e7os de aprendizagem, onde se valoriza a comunica\u00e7\u00e3o e a troca de informa\u00e7\u00e3o e assim possam continuar a prestar servi\u00e7os e disponibilizar produtos de informa\u00e7\u00e3o em um espa\u00e7o democr\u00e1tico de acesso e produ\u00e7\u00e3o do conhecimento.<\/p>\n<p>As novas tecnologias da informa\u00e7\u00e3o e comunica\u00e7\u00e3o t\u00eam exigido e provocado mudan\u00e7as na atua\u00e7\u00e3o dos bibliotec\u00e1rios e outros profissionais que atuam nas bibliotecas universit\u00e1rias, cada vez mais \u00e9 necess\u00e1rio atualizar constantemente seus conhecimentos, visando uma reformula\u00e7\u00e3o permanente de suas tradicionais atividades de tratamento da informa\u00e7\u00e3o, bem como sua adequa\u00e7\u00e3o \u00e0s novas ferramentas de processamento, dissemina\u00e7\u00e3o e preserva\u00e7\u00e3o de informa\u00e7\u00f5es e da mem\u00f3ria cient\u00edfica das Institui\u00e7\u00f5es.<\/p>\n<p>As equipes das bibliotecas universit\u00e1rias est\u00e3o sendo chamadas a se envolver com o gerenciamento de projetos, centrados em uma abordagem incremental, permitindo que as bibliotecas priorizem de forma eficaz e eficiente seu modelo de gest\u00e3o, suas cole\u00e7\u00f5es e servi\u00e7os e o importante papel na promo\u00e7\u00e3o da alfabetiza\u00e7\u00e3o informacional e do suporte ao pesquisador.<\/p>\n<p>O Big data e o estabelecimento de programas de ci\u00eancia de dados em numerosas institui\u00e7\u00f5es levou \u00e0 necessidade dos bibliotec\u00e1rios se adaptarem e integrarem a crescente gest\u00e3o, acessibilidade e especializa\u00e7\u00e3o t\u00e9cnica do assunto para apoiar os pesquisadores.<\/p>\n<p>No Brasil, as bibliotecas s\u00e3o t\u00e3o diversas quanto o s\u00e3o as IES e nosso entendimento \u00e9 de que um programa de imers\u00e3o trar\u00e1 contribui\u00e7\u00f5es importantes para o desenvolvimento e aperfei\u00e7oamento dos profissionais e \u00a0das bibliotecas universit\u00e1rias.<\/p>\n<p>Sem fornecer modelos definidos ou solu\u00e7\u00f5es impostas, o programa convida os participantes a se engajarem ativamente na pr\u00e1tica cr\u00edtica reflexiva e aplicar novos aprendizados ao desenvolvimento de solu\u00e7\u00f5es e estrat\u00e9gias que melhor atendam \u00e0s suas necessidades individuais e institucionais.<\/p>\n","protected":false},"excerpt":{"rendered":"<p>As mudan\u00e7as tecnol\u00f3gicas e educacionais s\u00e3o cont\u00ednuas e v\u00eam afetando de diferentes formas o ambiente organizacional e pol\u00edtico das bibliotecas universit\u00e1rias.\u00a0 No epicentro da revolu\u00e7\u00e3o tecnol\u00f3gica, as bibliotecas universit\u00e1rias cada vez mais precisam considerar sua organiza\u00e7\u00e3o e seus processos, de <a href=\"https:\/\/www.febab.org\/cbbu\/justificativa\/\"> Read more&#8230;<\/a><\/p>\n","protected":false},"author":2,"featured_media":0,"parent":0,"menu_order":0,"comment_status":"closed","ping_status":"closed","template":"","meta":{"footnotes":""},"class_list":["post-649","page","type-page","status-publish","hentry"],"_links":{"self":[{"href":"https:\/\/www.febab.org\/cbbu\/wp-json\/wp\/v2\/pages\/649","targetHints":{"allow":["GET"]}}],"collection":[{"href":"https:\/\/www.febab.org\/cbbu\/wp-json\/wp\/v2\/pages"}],"about":[{"href":"https:\/\/www.febab.org\/cbbu\/wp-json\/wp\/v2\/types\/page"}],"author":[{"embeddable":true,"href":"https:\/\/www.febab.org\/cbbu\/wp-json\/wp\/v2\/users\/2"}],"replies":[{"embeddable":true,"href":"https:\/\/www.febab.org\/cbbu\/wp-json\/wp\/v2\/comments?post=649"}],"version-history":[{"count":3,"href":"https:\/\/www.febab.org\/cbbu\/wp-json\/wp\/v2\/pages\/649\/revisions"}],"predecessor-version":[{"id":666,"href":"https:\/\/www.febab.org\/cbbu\/wp-json\/wp\/v2\/pages\/649\/revisions\/666"}],"wp:attachment":[{"href":"https:\/\/www.febab.org\/cbbu\/wp-json\/wp\/v2\/media?parent=649"}],"curies":[{"name":"wp","href":"https:\/\/api.w.org\/{rel}","templated":true}]}}