{"id":650,"date":"2019-04-02T15:09:42","date_gmt":"2019-04-02T18:09:42","guid":{"rendered":"http:\/\/www.febab.org\/cbbu\/?page_id=650"},"modified":"2019-04-02T15:17:32","modified_gmt":"2019-04-02T18:17:32","slug":"sobre-o-programa","status":"publish","type":"page","link":"https:\/\/www.febab.org\/cbbu\/sobre-o-programa\/","title":{"rendered":"Sobre o Programa"},"content":{"rendered":"<p>O programa de imers\u00e3o em Bibliotecas de Institui\u00e7\u00f5es Brasileiras de Ensino Superior, da Comiss\u00e3o Brasileira de Bibliotecas Universit\u00e1rias- CBBU\/FEBAB, foi pensado com o objetivo de trazer contribui\u00e7\u00f5es ao desenvolvimento das Bibliotecas Universit\u00e1rias brasileiras, mediante a possibilidade de mobilidade dos profissionais, bibliotec\u00e1rios e de outras \u00e1reas, que atuam nas bibliotecas universit\u00e1rias, visando contribuir com o seu aperfei\u00e7oamento.<\/p>\n<p>O programa consiste em uma imers\u00e3o de 3 a 5 dias \u00a0projetados para aqueles que atuam nas bibliotecas de institui\u00e7\u00f5es de ensino superior. As atividades do programa de Imers\u00e3o tem como objetivo desenvolver profissionais que refletem criticamente e promovem mudan\u00e7as em suas pr\u00e1ticas, projetos ou objetivos pessoais e profissionais, visando trocar experi\u00eancias e estabelecer contatos, in loco\u00a0com as boas e melhores pr\u00e1ticas, fomentando a colabora\u00e7\u00e3o e o compartilhamento do conhecimento nas Bibliotecas de Institui\u00e7\u00f5es de Ensino Superior no Brasil, pois nas atuais circunst\u00e2ncias, \u00e9 particularmente importante que as bibliotecas mostrem que funcionam de forma eficiente, que al\u00e9m de fornecerem servi\u00e7os de informa\u00e7\u00e3o est\u00e3o ligadas ao sucesso dos objetivos institucionais envolvendo-se numa perspectiva que promova Bibliotecas de excel\u00eancia e inclusivas.<\/p>\n","protected":false},"excerpt":{"rendered":"<p>O programa de imers\u00e3o em Bibliotecas de Institui\u00e7\u00f5es Brasileiras de Ensino Superior, da Comiss\u00e3o Brasileira de Bibliotecas Universit\u00e1rias- CBBU\/FEBAB, foi pensado com o objetivo de trazer contribui\u00e7\u00f5es ao desenvolvimento das Bibliotecas Universit\u00e1rias brasileiras, mediante a possibilidade de mobilidade dos profissionais, <a href=\"https:\/\/www.febab.org\/cbbu\/sobre-o-programa\/\"> Read more&#8230;<\/a><\/p>\n","protected":false},"author":2,"featured_media":0,"parent":0,"menu_order":0,"comment_status":"closed","ping_status":"closed","template":"","meta":{"footnotes":""},"class_list":["post-650","page","type-page","status-publish","hentry"],"_links":{"self":[{"href":"https:\/\/www.febab.org\/cbbu\/wp-json\/wp\/v2\/pages\/650","targetHints":{"allow":["GET"]}}],"collection":[{"href":"https:\/\/www.febab.org\/cbbu\/wp-json\/wp\/v2\/pages"}],"about":[{"href":"https:\/\/www.febab.org\/cbbu\/wp-json\/wp\/v2\/types\/page"}],"author":[{"embeddable":true,"href":"https:\/\/www.febab.org\/cbbu\/wp-json\/wp\/v2\/users\/2"}],"replies":[{"embeddable":true,"href":"https:\/\/www.febab.org\/cbbu\/wp-json\/wp\/v2\/comments?post=650"}],"version-history":[{"count":3,"href":"https:\/\/www.febab.org\/cbbu\/wp-json\/wp\/v2\/pages\/650\/revisions"}],"predecessor-version":[{"id":668,"href":"https:\/\/www.febab.org\/cbbu\/wp-json\/wp\/v2\/pages\/650\/revisions\/668"}],"wp:attachment":[{"href":"https:\/\/www.febab.org\/cbbu\/wp-json\/wp\/v2\/media?parent=650"}],"curies":[{"name":"wp","href":"https:\/\/api.w.org\/{rel}","templated":true}]}}