{"id":652,"date":"2019-04-02T15:09:43","date_gmt":"2019-04-02T18:09:43","guid":{"rendered":"http:\/\/www.febab.org\/cbbu\/?page_id=652"},"modified":"2019-04-04T13:42:46","modified_gmt":"2019-04-04T16:42:46","slug":"publico-alvo","status":"publish","type":"page","link":"https:\/\/www.febab.org\/cbbu\/publico-alvo\/","title":{"rendered":"P\u00fablico Alvo"},"content":{"rendered":"<p>O programa de imers\u00e3o \u00e9 projetado para profissionais que atuam nas bibliotecas universit\u00e1rias e pretendem fazer algum tipo de mudan\u00e7a em sua pr\u00e1tica, desde o uso de uma nova abordagem, a cria\u00e7\u00e3o de um novo servi\u00e7o ou programa, at\u00e9 a cria\u00e7\u00e3o de um plano de desenvolvimento profissional pessoal. S\u00e3o convidados todos aqueles que gostariam de refletir, ampliar e aprofundar sua pr\u00e1tica em bibliotecas universit\u00e1rias, independentemente de fun\u00e7\u00f5es ou t\u00edtulos espec\u00edficos, para co-criar uma comunidade engajada, comprometida em criar bibliotecas eficientes e inovadoras, em parceria com a CBBU.<\/p>\n","protected":false},"excerpt":{"rendered":"<p>O programa de imers\u00e3o \u00e9 projetado para profissionais que atuam nas bibliotecas universit\u00e1rias e pretendem fazer algum tipo de mudan\u00e7a em sua pr\u00e1tica, desde o uso de uma nova abordagem, a cria\u00e7\u00e3o de um novo servi\u00e7o ou programa, at\u00e9 a <a href=\"https:\/\/www.febab.org\/cbbu\/publico-alvo\/\"> Read more&#8230;<\/a><\/p>\n","protected":false},"author":2,"featured_media":0,"parent":0,"menu_order":0,"comment_status":"closed","ping_status":"closed","template":"","meta":{"footnotes":""},"class_list":["post-652","page","type-page","status-publish","hentry"],"_links":{"self":[{"href":"https:\/\/www.febab.org\/cbbu\/wp-json\/wp\/v2\/pages\/652","targetHints":{"allow":["GET"]}}],"collection":[{"href":"https:\/\/www.febab.org\/cbbu\/wp-json\/wp\/v2\/pages"}],"about":[{"href":"https:\/\/www.febab.org\/cbbu\/wp-json\/wp\/v2\/types\/page"}],"author":[{"embeddable":true,"href":"https:\/\/www.febab.org\/cbbu\/wp-json\/wp\/v2\/users\/2"}],"replies":[{"embeddable":true,"href":"https:\/\/www.febab.org\/cbbu\/wp-json\/wp\/v2\/comments?post=652"}],"version-history":[{"count":4,"href":"https:\/\/www.febab.org\/cbbu\/wp-json\/wp\/v2\/pages\/652\/revisions"}],"predecessor-version":[{"id":675,"href":"https:\/\/www.febab.org\/cbbu\/wp-json\/wp\/v2\/pages\/652\/revisions\/675"}],"wp:attachment":[{"href":"https:\/\/www.febab.org\/cbbu\/wp-json\/wp\/v2\/media?parent=652"}],"curies":[{"name":"wp","href":"https:\/\/api.w.org\/{rel}","templated":true}]}}