{"id":653,"date":"2019-04-02T15:09:43","date_gmt":"2019-04-02T18:09:43","guid":{"rendered":"http:\/\/www.febab.org\/cbbu\/?page_id=653"},"modified":"2019-04-02T15:28:22","modified_gmt":"2019-04-02T18:28:22","slug":"funcionamento","status":"publish","type":"page","link":"https:\/\/www.febab.org\/cbbu\/funcionamento\/","title":{"rendered":"Funcionamento"},"content":{"rendered":"<p><strong>Informa\u00e7\u00e3o para as Bibliotecas:<\/strong><\/p>\n<ul>\n<li>\u00a0As bibliotecas interessadas em participar no programa de imers\u00e3o poder\u00e3o candidatar-se preenchendo o formul\u00e1rio dispon\u00edvel para esse efeito e envi\u00e1-lo \u00e0 CBBU no prazo estabelecido.<\/li>\n<li>Podem candidatar-se ao Programa todas as bibliotecas brasileiras de institui\u00e7\u00f5es de ensino superior p\u00fablico e privado.<\/li>\n<li>Fica ao crit\u00e9rio das Bibliotecas a apresenta\u00e7\u00e3o de programas de imers\u00e3o, a defini\u00e7\u00e3o da sua data, dura\u00e7\u00e3o e n\u00famero de participantes.<\/li>\n<li>A imers\u00e3o poder\u00e1 ocorrer numa perspectiva generalista, abrangendo todos os aspetos das rotinas das Bibliotecas ou temas espec\u00edficos, ou ainda focarem-se em projetos e boas pr\u00e1ticas (programas de alfabetiza\u00e7\u00e3o informacional, gest\u00e3o de bibliotecas, marketing, acesso aberto, acessibilidade, gest\u00e3o de desenvolvimento de cole\u00e7\u00f5es, Reposit\u00f3rio Institucional, Peri\u00f3dicos digitais, Obras Raras e Especiais, etc.).<\/li>\n<li>Fica sob a responsabilidade da Biblioteca proponente sele\u00e7\u00e3o e a aceita\u00e7\u00e3o das candidaturas.<\/li>\n<li>A proposta apresentada n\u00e3o acarreta, para a institui\u00e7\u00e3o hospedeira, quaisquer encargos, al\u00e9m do tempo dedicado ao programa pelos funcion\u00e1rios envolvidos no projeto.<\/li>\n<li>\u00a0As institui\u00e7\u00f5es que acolhem os profissionais dever\u00e3o facilitar aos visitantes o acesso \u00e0 biblioteca e outros setores da universidade como cantinas, atividades culturais, etc.<\/li>\n<li>No final de cada a\u00e7\u00e3o as bibliotecas e dever\u00e1 preencher o formul\u00e1rio de avalia\u00e7\u00e3o e enviar para a CBBU e para o participante que acolheu.<\/li>\n<li>As bibliotecas dever\u00e3o se comprometer em cumprir o estabelecido no plano de trabalho do candidato, podendo promover adapta\u00e7\u00f5es em comum acordo.<\/li>\n<li>As Bibliotecas assumem o compromisso de garantir a realiza\u00e7\u00e3o do programa proposto desde que atinja o n\u00famero m\u00ednimo de participantes pr\u00e9-estabelecido.<\/li>\n<\/ul>\n<p><strong>Informa\u00e7\u00e3o para os candidatos (visitantes):<\/strong><\/p>\n<ul>\n<li>Todos os interessados em participar do programa poder\u00e3o inscrever-se preenchendo o formul\u00e1rio dispon\u00edvel para esse efeito e envi\u00e1-lo para a CBBU.<\/li>\n<li>Os visitantes dever\u00e3o cumprir um hor\u00e1rio de trabalho normal e ter a possibilidade hands on, isto \u00e9, acompanhar os trabalhos e atuar diretamente com os funcion\u00e1rios e usu\u00e1rios da biblioteca visitada.<\/li>\n<li>Todos os inscritos depois de atingido o n\u00famero m\u00e1ximo de vagas ficam em lista de espera e ser\u00e3o posteriormente contactados pela biblioteca.<\/li>\n<li>Os visitantes dever\u00e3o respeitar as normas e padr\u00f5es adotadas pela biblioteca acolhedora.<\/li>\n<li>A inscri\u00e7\u00e3o num programa de imers\u00e3o deve ser efetuada apenas quando o candidato tiver asseguradas as condi\u00e7\u00f5es de participa\u00e7\u00e3o, para evitar impedir candidaturas de outros interessados.<\/li>\n<li>Cada interessado pode apenas inscrever-se em um programas de mobilidade por ano.<\/li>\n<\/ul>\n<p><strong>PR\u00c9- REQUISITOS<\/strong><\/p>\n<p>Para participar do programa o interessado deve estar atuando na sua \u00e1rea de forma\u00e7\u00e3o em uma biblioteca de institui\u00e7\u00e3o de ensino superior, p\u00fablica ou privada, autorizada pelo Minist\u00e9rio da Educa\u00e7\u00e3o.<\/p>\n<p><strong>PROCEDIMENTOS INICIAIS<\/strong><\/p>\n<p>Escolher a Biblioteca de destino de acordo com o seu interesse, considerando a \u00a0oferta de imers\u00e3o oferecida pelas Bibliotecas.<br \/>\nO candidato deve providenciar os seguintes documentos:<br \/>\n&#8211; Curriculum Vitae;<br \/>\n&#8211; Formul\u00e1rio de candidatura;<br \/>\n&#8211; Carta de recomenda\u00e7\u00e3o elaborada pela dire\u00e7\u00e3o da Biblioteca de origem;<br \/>\n&#8211; Comprovante de filia\u00e7\u00e3o da Biblioteca \u00e0 CBBU se pertencer a uma biblioteca membro.<br \/>\n&#8211; Carta na qual o candidato justifica o motivo do seu interesse na imers\u00e3o mencionando as atividades que deseja desenvolver na biblioteca parceira (que podem ser escolhidas no documento de oferta de mobilidade apresentados pelas Bibliotecas anualmente).<br \/>\n&#8211; Elabora\u00e7\u00e3o e envio de uma Plano de Trabalho.<\/p>\n<p><strong>RECEBIMENTO E DIVULGA\u00c7\u00c3O DOS PROJETOS DAS BIBLIOTECAS E DOS<\/strong><br \/>\n<strong>CANDIDATOS SELECIONADOS<\/strong><\/p>\n<p>A CBBU , proponente e mediadora do \u00a0programa receber\u00e1:<br \/>\n1. os projetos das Bibliotecas<br \/>\n2. a manifesta\u00e7\u00e3o de interesse dos candidatos,<\/p>\n<p>A CBBU disponibilizar\u00e1, segundo cronograma a ser divulgado previamente, \u00a0as oportunidades e ofertas enviadas pelas Bibliotecas.<br \/>\nA CBBU enviar\u00e1 \u00e0s Bibliotecas os candidatos inscritos e esta devolver\u00e1 a rela\u00e7\u00e3o com os<br \/>\nselecionados.<br \/>\nAo final, seguindo \u00a0o cronograma a CBBU divulgar\u00e1 no site, na lista CBBU e Facebook os resultados, bem como, enviar\u00e1 uma carta de aceita\u00e7\u00e3o enviada diretamente ao candidato e \u00e0 coordena\u00e7\u00e3o da biblioteca de origem.<br \/>\nOs formul\u00e1rios de avalia\u00e7\u00e3o das bibliotecas e dos participantes ser\u00e3o recebidos e compartilhados com a biblioteca que ofereceu o programa e o participante.<\/p>\n","protected":false},"excerpt":{"rendered":"<p>Informa\u00e7\u00e3o para as Bibliotecas: \u00a0As bibliotecas interessadas em participar no programa de imers\u00e3o poder\u00e3o candidatar-se preenchendo o formul\u00e1rio dispon\u00edvel para esse efeito e envi\u00e1-lo \u00e0 CBBU no prazo estabelecido. Podem candidatar-se ao Programa todas as bibliotecas brasileiras de institui\u00e7\u00f5es de <a href=\"https:\/\/www.febab.org\/cbbu\/funcionamento\/\"> Read more&#8230;<\/a><\/p>\n","protected":false},"author":2,"featured_media":0,"parent":0,"menu_order":0,"comment_status":"closed","ping_status":"closed","template":"","meta":{"footnotes":""},"class_list":["post-653","page","type-page","status-publish","hentry"],"_links":{"self":[{"href":"https:\/\/www.febab.org\/cbbu\/wp-json\/wp\/v2\/pages\/653","targetHints":{"allow":["GET"]}}],"collection":[{"href":"https:\/\/www.febab.org\/cbbu\/wp-json\/wp\/v2\/pages"}],"about":[{"href":"https:\/\/www.febab.org\/cbbu\/wp-json\/wp\/v2\/types\/page"}],"author":[{"embeddable":true,"href":"https:\/\/www.febab.org\/cbbu\/wp-json\/wp\/v2\/users\/2"}],"replies":[{"embeddable":true,"href":"https:\/\/www.febab.org\/cbbu\/wp-json\/wp\/v2\/comments?post=653"}],"version-history":[{"count":3,"href":"https:\/\/www.febab.org\/cbbu\/wp-json\/wp\/v2\/pages\/653\/revisions"}],"predecessor-version":[{"id":672,"href":"https:\/\/www.febab.org\/cbbu\/wp-json\/wp\/v2\/pages\/653\/revisions\/672"}],"wp:attachment":[{"href":"https:\/\/www.febab.org\/cbbu\/wp-json\/wp\/v2\/media?parent=653"}],"curies":[{"name":"wp","href":"https:\/\/api.w.org\/{rel}","templated":true}]}}