{"id":676,"date":"2019-04-04T14:03:16","date_gmt":"2019-04-04T17:03:16","guid":{"rendered":"http:\/\/www.febab.org\/cbbu\/?page_id=676"},"modified":"2019-05-24T08:29:54","modified_gmt":"2019-05-24T11:29:54","slug":"atas","status":"publish","type":"page","link":"https:\/\/www.febab.org\/cbbu\/atas\/","title":{"rendered":"Atas"},"content":{"rendered":"<p><strong><span style=\"color: #000000;\"><a style=\"color: #000000;\" href=\"http:\/\/www.febab.org\/cbbu\/wp-content\/uploads\/2019\/04\/ata_i_reuniao_nacional_comite_desenvolvimento_colecoes_20140829-docx-2.pdf\">Ata I reuni\u00e3o nacional comit\u00ea desenvolvimento cole\u00e7\u00f5es 2014<\/a><\/span><\/strong><\/p>\n<p><strong><span style=\"color: #000000;\"><a style=\"color: #000000;\" href=\"http:\/\/www.febab.org\/cbbu\/wp-content\/uploads\/2019\/04\/ata_iii_reuniao_nacional_comite_desenvolvimento_colecoes_20150723.pdf\">Ata III reuni\u00e3o nacional comit\u00ea desenvolvimento cole\u00e7\u00f5es 2015<\/a><\/span><\/strong><\/p>\n<p><strong><span style=\"color: #000000;\"><a style=\"color: #000000;\" href=\"http:\/\/www.febab.org\/cbbu\/wp-content\/uploads\/2019\/04\/ata-reunic3a3o-da-coordenac3a7c3a3o-2017.pdf\">Ata I reuni\u00e3o da coordena\u00e7\u00e3o do comit\u00ea brasileira de desenvolvimento de cole\u00e7\u00f5es 2017<\/a><\/span><\/strong><\/p>\n<p><strong><span style=\"color: #000000;\"><a style=\"color: #000000;\" href=\"http:\/\/www.febab.org\/cbbu\/wp-content\/uploads\/2019\/04\/ata-ii-reunic3a3o-coordenacao.pdf\">Ata II reuni\u00e3o da coordena\u00e7\u00e3o do comit\u00ea brasileira de desenvolvimento de cole\u00e7\u00f5es 2017<\/a><\/span><\/strong><\/p>\n","protected":false},"excerpt":{"rendered":"<p>Ata I reuni\u00e3o nacional comit\u00ea desenvolvimento cole\u00e7\u00f5es 2014 Ata III reuni\u00e3o nacional comit\u00ea desenvolvimento cole\u00e7\u00f5es 2015 Ata I reuni\u00e3o da coordena\u00e7\u00e3o do comit\u00ea brasileira de desenvolvimento de cole\u00e7\u00f5es 2017 Ata II reuni\u00e3o da coordena\u00e7\u00e3o do comit\u00ea brasileira de desenvolvimento de <a href=\"https:\/\/www.febab.org\/cbbu\/atas\/\"> Read more&#8230;<\/a><\/p>\n","protected":false},"author":2,"featured_media":0,"parent":0,"menu_order":0,"comment_status":"closed","ping_status":"closed","template":"","meta":{"footnotes":""},"class_list":["post-676","page","type-page","status-publish","hentry"],"_links":{"self":[{"href":"https:\/\/www.febab.org\/cbbu\/wp-json\/wp\/v2\/pages\/676","targetHints":{"allow":["GET"]}}],"collection":[{"href":"https:\/\/www.febab.org\/cbbu\/wp-json\/wp\/v2\/pages"}],"about":[{"href":"https:\/\/www.febab.org\/cbbu\/wp-json\/wp\/v2\/types\/page"}],"author":[{"embeddable":true,"href":"https:\/\/www.febab.org\/cbbu\/wp-json\/wp\/v2\/users\/2"}],"replies":[{"embeddable":true,"href":"https:\/\/www.febab.org\/cbbu\/wp-json\/wp\/v2\/comments?post=676"}],"version-history":[{"count":3,"href":"https:\/\/www.febab.org\/cbbu\/wp-json\/wp\/v2\/pages\/676\/revisions"}],"predecessor-version":[{"id":890,"href":"https:\/\/www.febab.org\/cbbu\/wp-json\/wp\/v2\/pages\/676\/revisions\/890"}],"wp:attachment":[{"href":"https:\/\/www.febab.org\/cbbu\/wp-json\/wp\/v2\/media?parent=676"}],"curies":[{"name":"wp","href":"https:\/\/api.w.org\/{rel}","templated":true}]}}