{"id":677,"date":"2019-04-04T14:03:17","date_gmt":"2019-04-04T17:03:17","guid":{"rendered":"http:\/\/www.febab.org\/cbbu\/?page_id=677"},"modified":"2019-05-24T08:28:35","modified_gmt":"2019-05-24T11:28:35","slug":"apresentacoes","status":"publish","type":"page","link":"https:\/\/www.febab.org\/cbbu\/apresentacoes\/","title":{"rendered":"Apresenta\u00e7\u00f5es"},"content":{"rendered":"<p><a href=\"http:\/\/www.febab.org\/cbbu\/wp-content\/uploads\/2019\/04\/CBDC-Contribui\u00e7\u00f5es-UFPA.pdf\"><strong><span style=\"color: #000000;\">CBDC &#8211; Contribui\u00e7\u00f5es UFPA<\/span><\/strong><\/a><\/p>\n<p><strong><span style=\"color: #000000;\"><a style=\"color: #000000;\" href=\"http:\/\/www.febab.org\/cbbu\/wp-content\/uploads\/2019\/04\/GT-E-books-Proposta-de-trabalho.pdf\">GT E-books &#8211; Proposta de trabalho\u00a0<\/a><\/span><\/strong><\/p>\n<p><strong><span style=\"color: #000000;\"><a style=\"color: #000000;\" href=\"http:\/\/www.febab.org\/cbbu\/wp-content\/uploads\/2019\/04\/DESENVOLVIMENTO-DE-COLE\u00c7\u00d5ES-DE-E-BOOKS.pdf\">Desenvolvimento de cole\u00e7\u00f5es de e-books<\/a><\/span><\/strong><\/p>\n<p><strong><span style=\"color: #000000;\"><a style=\"color: #000000;\" href=\"http:\/\/www.febab.org\/cbbu\/wp-content\/uploads\/2019\/04\/Conceitos-definidos.pdf\">Conceitos definidos<\/a><\/span><\/strong><\/p>\n<p><strong><span style=\"color: #000000;\"><a style=\"color: #000000;\" href=\"http:\/\/www.febab.org\/cbbu\/wp-content\/uploads\/2019\/04\/plano-de-gestao.pdf\">Plano de Gest\u00e3o<\/a><\/span><\/strong><\/p>\n<p><strong><span style=\"color: #000000;\"><a style=\"color: #000000;\" href=\"http:\/\/www.febab.org\/cbbu\/wp-content\/uploads\/2019\/04\/F\u00f3rum-do-CBDC.pdf\">F\u00f3rum do CBDC<\/a><\/span><\/strong><\/p>\n<p><strong><span style=\"color: #000000;\"><a style=\"color: #000000;\" href=\"http:\/\/www.febab.org\/cbbu\/wp-content\/uploads\/2019\/04\/CBBD-2017-2.pdf\">GT &#8211; Livros Impressos ( relato de experi\u00eancia)<\/a><\/span><\/strong><\/p>\n<p><strong><span style=\"color: #000000;\"><a style=\"color: #000000;\" href=\"http:\/\/www.febab.org\/cbbu\/wp-content\/uploads\/2019\/04\/Apresenta\u00e7\u00e3o-CBBU_Katiussa-Bueno.pdf\"> As Bibliotecas Universit\u00e1rias no futuro: do impresso ao eletr\u00f4nico<\/a><\/span><\/strong><\/p>\n","protected":false},"excerpt":{"rendered":"<p>CBDC &#8211; Contribui\u00e7\u00f5es UFPA GT E-books &#8211; Proposta de trabalho\u00a0 Desenvolvimento de cole\u00e7\u00f5es de e-books Conceitos definidos Plano de Gest\u00e3o F\u00f3rum do CBDC GT &#8211; Livros Impressos ( relato de experi\u00eancia) As Bibliotecas Universit\u00e1rias no futuro: do impresso ao eletr\u00f4nico<\/p>\n","protected":false},"author":2,"featured_media":0,"parent":0,"menu_order":0,"comment_status":"closed","ping_status":"closed","template":"","meta":{"footnotes":""},"class_list":["post-677","page","type-page","status-publish","hentry"],"_links":{"self":[{"href":"https:\/\/www.febab.org\/cbbu\/wp-json\/wp\/v2\/pages\/677","targetHints":{"allow":["GET"]}}],"collection":[{"href":"https:\/\/www.febab.org\/cbbu\/wp-json\/wp\/v2\/pages"}],"about":[{"href":"https:\/\/www.febab.org\/cbbu\/wp-json\/wp\/v2\/types\/page"}],"author":[{"embeddable":true,"href":"https:\/\/www.febab.org\/cbbu\/wp-json\/wp\/v2\/users\/2"}],"replies":[{"embeddable":true,"href":"https:\/\/www.febab.org\/cbbu\/wp-json\/wp\/v2\/comments?post=677"}],"version-history":[{"count":5,"href":"https:\/\/www.febab.org\/cbbu\/wp-json\/wp\/v2\/pages\/677\/revisions"}],"predecessor-version":[{"id":889,"href":"https:\/\/www.febab.org\/cbbu\/wp-json\/wp\/v2\/pages\/677\/revisions\/889"}],"wp:attachment":[{"href":"https:\/\/www.febab.org\/cbbu\/wp-json\/wp\/v2\/media?parent=677"}],"curies":[{"name":"wp","href":"https:\/\/api.w.org\/{rel}","templated":true}]}}