{"id":92,"date":"2018-08-28T19:04:13","date_gmt":"2018-08-28T22:04:13","guid":{"rendered":"http:\/\/www.febab.org\/cbbu2\/?page_id=92"},"modified":"2025-10-02T16:33:02","modified_gmt":"2025-10-02T19:33:02","slug":"como-filiar","status":"publish","type":"page","link":"https:\/\/www.febab.org\/cbbu\/como-filiar\/","title":{"rendered":"Como Filiar"},"content":{"rendered":"<div id=\"comp-j8qiiq7i\" class=\"style-jenf0g8x\" title=\"\" data-exact-height=\"622\" data-content-padding-horizontal=\"12\" data-content-padding-vertical=\"42\">\n<div id=\"comp-j8qiiq7ilink\" class=\"style-jenf0g8xlink\">\n<p id=\"comp-j8qiiq7iimg\" class=\"style-jenf0g8ximg\"><span style=\"font-weight: 400;\">A partir de 2025, conforme o Art. 9\u00ba do novo <\/span><a style=\"font-size: revert;\" href=\"https:\/\/www.febab.org\/cbbu\/wp-content\/uploads\/2025\/03\/Regimento-CBBU_2024.pdf\">Regimento da CBBU<\/a><span style=\"font-weight: 400;\">, a Comiss\u00e3o ser\u00e1 formada por pessoas filiadas \u00e0 Associa\u00e7\u00e3o de Bibliotec\u00e1rios de seu estado ou, na aus\u00eancia desta, diretamente \u00e0 FEBAB. A sele\u00e7\u00e3o dos membros ocorrer\u00e1 por meio de chamada p\u00fablica realizada pela FEBAB.<\/span><\/p>\n<\/div>\n<\/div>\n<div id=\"comp-j8qiiq7q\" class=\"txtNew\" data-packed=\"true\">\n<p><span style=\"font-weight: 400;\">Com essa mudan\u00e7a, as institui\u00e7\u00f5es de ensino superior n\u00e3o precisam mais pagar uma taxa de filia\u00e7\u00e3o anual. Em vez disso, a filia\u00e7\u00e3o passa a ser individual, realizada diretamente pelo profissional junto \u00e0 sua Associa\u00e7\u00e3o estadual ou \u00e0 FEBAB, caso n\u00e3o exista uma entidade no estado ou esta n\u00e3o seja filiada \u00e0 Federa\u00e7\u00e3o.<\/span><\/p>\n<p><span style=\"font-weight: 400;\">Confira nesta p\u00e1gina as <\/span><a href=\"https:\/\/febab.org\/sobre\/associacoes\/\"><span style=\"font-weight: 400;\">Associa\u00e7\u00f5es filiadas<\/span><\/a><span style=\"font-weight: 400;\">.<\/span><span style=\"font-weight: 400;\"><br \/>\n<\/span><span style=\"font-weight: 400;\">Para filiar-se \u00e0 FEBAB, <\/span><a href=\"https:\/\/associacoes.softaliza.com.br\/login\/febab\" target=\"_blank\" rel=\"noopener\"><span style=\"font-weight: 400;\">clique aqui<\/span><\/a><span style=\"font-weight: 400;\">. As informa\u00e7\u00f5es sobre o pagamento ser\u00e3o enviadas por e-mail.<\/span><\/p>\n<\/div>\n","protected":false},"excerpt":{"rendered":"<p>A partir de 2025, conforme o Art. 9\u00ba do novo Regimento da CBBU, a Comiss\u00e3o ser\u00e1 formada por pessoas filiadas \u00e0 Associa\u00e7\u00e3o de Bibliotec\u00e1rios de seu estado ou, na aus\u00eancia desta, diretamente \u00e0 FEBAB. A sele\u00e7\u00e3o dos membros ocorrer\u00e1 por <a href=\"https:\/\/www.febab.org\/cbbu\/como-filiar\/\"> Read more&#8230;<\/a><\/p>\n","protected":false},"author":2,"featured_media":0,"parent":0,"menu_order":0,"comment_status":"closed","ping_status":"closed","template":"","meta":{"footnotes":""},"class_list":["post-92","page","type-page","status-publish","hentry"],"_links":{"self":[{"href":"https:\/\/www.febab.org\/cbbu\/wp-json\/wp\/v2\/pages\/92","targetHints":{"allow":["GET"]}}],"collection":[{"href":"https:\/\/www.febab.org\/cbbu\/wp-json\/wp\/v2\/pages"}],"about":[{"href":"https:\/\/www.febab.org\/cbbu\/wp-json\/wp\/v2\/types\/page"}],"author":[{"embeddable":true,"href":"https:\/\/www.febab.org\/cbbu\/wp-json\/wp\/v2\/users\/2"}],"replies":[{"embeddable":true,"href":"https:\/\/www.febab.org\/cbbu\/wp-json\/wp\/v2\/comments?post=92"}],"version-history":[{"count":15,"href":"https:\/\/www.febab.org\/cbbu\/wp-json\/wp\/v2\/pages\/92\/revisions"}],"predecessor-version":[{"id":1645,"href":"https:\/\/www.febab.org\/cbbu\/wp-json\/wp\/v2\/pages\/92\/revisions\/1645"}],"wp:attachment":[{"href":"https:\/\/www.febab.org\/cbbu\/wp-json\/wp\/v2\/media?parent=92"}],"curies":[{"name":"wp","href":"https:\/\/api.w.org\/{rel}","templated":true}]}}